{"id":425,"date":"2025-06-19T02:10:18","date_gmt":"2025-06-19T02:10:18","guid":{"rendered":"http:\/\/thuvien360.com\/?post_type=product&#038;p=425"},"modified":"2025-07-04T03:04:50","modified_gmt":"2025-07-04T03:04:50","slug":"triet-hoc-va-giac-ngo","status":"publish","type":"product","link":"http:\/\/thuvien360.com\/?product=triet-hoc-va-giac-ngo","title":{"rendered":"Tri\u1ebft H\u1ecdc v\u00e0 Gi\u00e1c Ng\u1ed9"},"content":{"rendered":"<p><strong>Tri\u1ebft H\u1ecdc v\u00e0 Gi\u00e1c Ng\u1ed9<\/strong><\/p>\n<p>C\u00e1c tr\u01b0\u1eddng ph\u00e1i Ph\u1eadt gi\u00e1o kh\u00e1c nhau \u1edf quan \u0111i\u1ec3m v\u1ec1 b\u1ea3n ch\u1ea5t c\u1ee7a con \u0111\u01b0\u1eddng \u0111\u01b0a \u0111\u1ebfn gi\u00e1c ng\u1ed9 \u0111\u1ec3 \u0111\u01b0\u1ee3c gi\u1ea3i tho\u00e1t, t\u00ednh ch\u00ednh th\u1ed1ng c\u1ee7a c\u00e1c b\u00e0i gi\u1ea3ng \u0111\u1ea1o v\u00e0 kinh \u0111i\u1ec3n, \u0111\u1eb7c bi\u1ec7t l\u00e0 \u1edf ph\u01b0\u01a1ng th\u1ee9c tu t\u1eadp. V\u00ec h\u01b0\u1edbng \u0111\u1ebfn vi\u1ec7c nh\u1eadn th\u1ee9c \u0111\u00fang \u0111\u1eafn b\u1ea3n ng\u00e3 v\u00e0 th\u1ebf gi\u1edbi kh\u00e1ch quan n\u00ean h\u1ec7 th\u1ed1ng tri\u1ebft l\u00fd Ph\u1eadt gi\u00e1o ch\u1ee9a \u0111\u1ef1ng nhi\u1ec1u quan \u0111i\u1ec3m b\u1ea3n th\u1ec3 lu\u1eadn v\u00e0 nh\u1eadn th\u1ee9c lu\u1eadn. Si\u00eau h\u00ecnh h\u1ecdc trong tri\u1ebft h\u1ecdc Ph\u1eadt gi\u00e1o \u0111\u00e3 ph\u00e1t tri\u1ec3n \u0111\u1ebfn m\u1ed9t tr\u00ecnh \u0111\u1ed9 cao.<\/p>\n<p>Ph\u01b0\u01a1ng T\u00e2y d\u1ecbch gi\u00e1c ng\u1ed9 th\u00e0nh khai s\u00e1ng (enlightenment) v\u00ec trong tri\u1ebft h\u1ecdc ph\u01b0\u01a1ng T\u00e2y khai s\u00e1ng l\u00e0 t\u1ef1 s\u1eed d\u1ee5ng tr\u00ed tu\u1ec7 c\u1ee7a m\u00ecnh \u0111\u1ec3 nh\u1eadn th\u1ee9c \u0111\u00fang \u0111\u1eafn th\u1ebf gi\u1edbi c\u0169ng gi\u1ed1ng nh\u01b0 gi\u00e1c ng\u1ed9 trong Ph\u1eadt gi\u00e1o. V\u1edbi Ph\u1eadt gi\u00e1o, tri\u1ebft h\u1ecdc \u1ea4n \u0110\u1ed9 \u0111\u00e3 \u0111i tr\u01b0\u1edbc tri\u1ebft h\u1ecdc ph\u01b0\u01a1ng T\u00e2y tr\u00ean 1000 n\u0103m. T\u1ea1i ph\u01b0\u01a1ng T\u00e2y, \u0111\u1ebfn th\u1eddi k\u1ef3 Khai s\u00e1ng tri\u1ebft h\u1ecdc m\u1edbi \u0111\u1ea1t \u0111\u1ebfn tr\u00ecnh \u0111\u1ed9 nh\u1eadn th\u1ee9c c\u1ee7a tri\u1ebft h\u1ecdc \u1ea4n \u0110\u1ed9. C\u0169ng nh\u01b0 Nho gi\u00e1o v\u00e0 tri\u1ebft h\u1ecdc ph\u01b0\u01a1ng T\u00e2y hi\u1ec7n \u0111\u1ea1i, Ph\u1eadt gi\u00e1o l\u00e0 m\u1ed9t h\u1ec7 th\u1ed1ng tri\u1ebft h\u1ecdc mang t\u00ednh khai s\u00e1ng nh\u1eb1m h\u01b0\u1edbng con ng\u01b0\u1eddi \u0111\u1ebfn Ch\u00e2n &#8211; Thi\u1ec7n &#8211; M\u1ef9.<\/p>\n","protected":false},"excerpt":{"rendered":"<p><strong>T\u00e1c gi\u1ea3 :<\/strong> Nhi\u1ec1u T\u00e1c Gi\u1ea3<\/p>\n<p><strong>\u0110\u1ecbnh d\u1ea1ng<\/strong> : S\u00e1ch n\u00f3i<\/p>\n<p><strong><a href=\"https:\/\/drive.usercontent.google.com\/download?id=1H1fwepX-hnSwnG_YtO-WY3JQ-WS-amI6&amp;export=download&amp;authuser=0\">DOWNLOAD<\/a><br \/>\nH\u00e3y t\u00f9y t\u00e2m \u0111\u00f3ng g\u00f3p \u0111\u1ec3 ch\u00fang t\u00f4i c\u00f3 th\u1ec3 ti\u1ebfp t\u1ee5c duy tr\u00ec v\u00e0 ph\u00e1t tri\u1ec3n ho\u1ea1t \u0111\u1ed9ng \u00fd ngh\u0129a n\u00e0y.<\/strong><\/p>\n<p><img decoding=\"async\" src=\"http:\/\/thuvien360.com\/wp-content\/uploads\/2025\/06\/QR-HUNG.jpg\" \/><\/p>\n","protected":false},"featured_media":426,"comment_status":"open","ping_status":"closed","template":"","meta":{"_uag_custom_page_level_css":""},"product_brand":[],"product_cat":[41,42],"product_tag":[],"class_list":{"0":"post-425","1":"product","2":"type-product","3":"status-publish","4":"has-post-thumbnail","6":"product_cat-phat-giao","7":"product_cat-dao-giao","9":"first","10":"instock","11":"downloadable","12":"virtual","13":"sold-individually","14":"product-type-simple"},"uagb_featured_image_src":{"full":["http:\/\/thuvien360.com\/wp-content\/uploads\/2025\/06\/01-triet-hoc-va-giac-ngo.jpg",1200,900,false],"thumbnail":["http:\/\/thuvien360.com\/wp-content\/uploads\/2025\/06\/01-triet-hoc-va-giac-ngo-150x150.jpg",150,150,true],"medium":["http:\/\/thuvien360.com\/wp-content\/uploads\/2025\/06\/01-triet-hoc-va-giac-ngo-300x225.jpg",300,225,true],"medium_large":["http:\/\/thuvien360.com\/wp-content\/uploads\/2025\/06\/01-triet-hoc-va-giac-ngo-768x576.jpg",768,576,true],"large":["http:\/\/thuvien360.com\/wp-content\/uploads\/2025\/06\/01-triet-hoc-va-giac-ngo-1024x768.jpg",1020,765,true],"1536x1536":["http:\/\/thuvien360.com\/wp-content\/uploads\/2025\/06\/01-triet-hoc-va-giac-ngo.jpg",1200,900,false],"2048x2048":["http:\/\/thuvien360.com\/wp-content\/uploads\/2025\/06\/01-triet-hoc-va-giac-ngo.jpg",1200,900,false],"woocommerce_thumbnail":["http:\/\/thuvien360.com\/wp-content\/uploads\/2025\/06\/01-triet-hoc-va-giac-ngo-300x300.jpg",300,300,true],"woocommerce_single":["http:\/\/thuvien360.com\/wp-content\/uploads\/2025\/06\/01-triet-hoc-va-giac-ngo-600x450.jpg",600,450,true],"woocommerce_gallery_thumbnail":["http:\/\/thuvien360.com\/wp-content\/uploads\/2025\/06\/01-triet-hoc-va-giac-ngo-100x100.jpg",100,100,true]},"uagb_author_info":{"display_name":"admin","author_link":"http:\/\/thuvien360.com\/?author=0"},"uagb_comment_info":0,"uagb_excerpt":"T\u00e1c gi\u1ea3 : Nhi\u1ec1u T\u00e1c Gi\u1ea3 \u0110\u1ecbnh d\u1ea1ng : S\u00e1ch n\u00f3i DOWNLOAD H\u00e3y t\u00f9y t\u00e2m \u0111\u00f3ng g\u00f3p \u0111\u1ec3 ch\u00fang t\u00f4i c\u00f3 th\u1ec3 ti\u1ebfp t\u1ee5c duy tr\u00ec v\u00e0 ph\u00e1t tri\u1ec3n ho\u1ea1t \u0111\u1ed9ng \u00fd ngh\u0129a n\u00e0y.","_links":{"self":[{"href":"http:\/\/thuvien360.com\/index.php?rest_route=\/wp\/v2\/product\/425","targetHints":{"allow":["GET"]}}],"collection":[{"href":"http:\/\/thuvien360.com\/index.php?rest_route=\/wp\/v2\/product"}],"about":[{"href":"http:\/\/thuvien360.com\/index.php?rest_route=\/wp\/v2\/types\/product"}],"replies":[{"embeddable":true,"href":"http:\/\/thuvien360.com\/index.php?rest_route=%2Fwp%2Fv2%2Fcomments&post=425"}],"wp:featuredmedia":[{"embeddable":true,"href":"http:\/\/thuvien360.com\/index.php?rest_route=\/wp\/v2\/media\/426"}],"wp:attachment":[{"href":"http:\/\/thuvien360.com\/index.php?rest_route=%2Fwp%2Fv2%2Fmedia&parent=425"}],"wp:term":[{"taxonomy":"product_brand","embeddable":true,"href":"http:\/\/thuvien360.com\/index.php?rest_route=%2Fwp%2Fv2%2Fproduct_brand&post=425"},{"taxonomy":"product_cat","embeddable":true,"href":"http:\/\/thuvien360.com\/index.php?rest_route=%2Fwp%2Fv2%2Fproduct_cat&post=425"},{"taxonomy":"product_tag","embeddable":true,"href":"http:\/\/thuvien360.com\/index.php?rest_route=%2Fwp%2Fv2%2Fproduct_tag&post=425"}],"curies":[{"name":"wp","href":"https:\/\/api.w.org\/{rel}","templated":true}]}}