{"id":384,"date":"2025-06-17T02:24:17","date_gmt":"2025-06-17T02:24:17","guid":{"rendered":"https:\/\/thuvien360.com\/?post_type=product&#038;p=384"},"modified":"2025-07-04T02:25:30","modified_gmt":"2025-07-04T02:25:30","slug":"thuong-gia-do-thai-bac-thay-kinh-doanh","status":"publish","type":"product","link":"http:\/\/thuvien360.com\/?product=thuong-gia-do-thai-bac-thay-kinh-doanh","title":{"rendered":"Th\u01b0\u01a1ng Gia Do Th\u00e1i \u2013 B\u1eadc Th\u1ea7y Kinh Doanh"},"content":{"rendered":"<h3 data-start=\"231\" data-end=\"283\"><strong data-start=\"235\" data-end=\"281\">&#8220;Th\u01b0\u01a1ng Gia Do Th\u00e1i \u2013 B\u1eadc Th\u1ea7y Kinh Doanh&#8221;<\/strong><\/h3>\n<p data-start=\"284\" data-end=\"356\"><em data-start=\"284\" data-end=\"356\">T\u00e1c gi\u1ea3: Tr\u01b0\u01a1ng \u0110\u1ed1ng Tri\u1ebft \u2013 nh\u00e0 nghi\u00ean c\u1ee9u v\u0103n h\u00f3a v\u00e0 kinh t\u1ebf Do Th\u00e1i<\/em><\/p>\n<p data-start=\"358\" data-end=\"528\">Ng\u01b0\u1eddi Do Th\u00e1i ch\u1ec9 chi\u1ebfm ch\u01b0a \u0111\u1ebfn 0,2% d\u00e2n s\u1ed1 th\u1ebf gi\u1edbi, nh\u01b0ng l\u1ea1i n\u1eafm gi\u1eef t\u1ef7 l\u1ec7 t\u1ef7 ph\u00fa v\u00e0 nh\u00e0 kinh doanh th\u00e0nh c\u00f4ng cao nh\u1ea5t to\u00e0n c\u1ea7u. <strong data-start=\"492\" data-end=\"528\">\u0110i\u1ec1u g\u00ec l\u00e0m n\u00ean s\u1ef1 kh\u00e1c bi\u1ec7t \u1ea5y?<\/strong><\/p>\n<p data-start=\"530\" data-end=\"745\">Cu\u1ed1n s\u00e1ch n\u00e0y \u0111i s\u00e2u v\u00e0o <strong data-start=\"555\" data-end=\"596\">t\u01b0 duy, tri\u1ebft l\u00fd v\u00e0 nguy\u00ean t\u1eafc l\u00e0m \u0103n<\/strong> c\u1ee7a c\u00e1c th\u01b0\u01a1ng gia Do Th\u00e1i \u2013 nh\u1eefng b\u00e0i h\u1ecdc kh\u00f4ng n\u1eb1m trong gi\u00e1o tr\u00ecnh kinh doanh th\u00f4ng th\u01b0\u1eddng, nh\u01b0ng \u0111\u00e3 \u0111\u01b0\u1ee3c minh ch\u1ee9ng qua h\u00e0ng ng\u00e0n n\u0103m th\u1ef1c ti\u1ec5n.<\/p>\n<p data-start=\"747\" data-end=\"983\">B\u1ea1n s\u1ebd kh\u00e1m ph\u00e1:<br data-start=\"763\" data-end=\"766\" \/>\ud83d\udd39 L\u1ed1i t\u01b0 duy \u201cmua b\u00e1n b\u1eb1ng tr\u00ed tu\u1ec7\u201d thay v\u00ec b\u1eb1ng v\u1ed1n li\u1ebfng<br data-start=\"825\" data-end=\"828\" \/>\ud83d\udd39 Tinh th\u1ea7n \u0111\u1ec1 cao ch\u1eef t\u00edn, s\u1ef1 linh ho\u1ea1t v\u00e0 kh\u1ea3 n\u0103ng th\u00edch nghi<br data-start=\"892\" data-end=\"895\" \/>\ud83d\udd39 C\u00e1ch gi\u00e1o d\u1ee5c t\u00e0i ch\u00ednh t\u1eeb khi c\u00f2n th\u01a1 b\u00e9 \u2013 b\u00ed quy\u1ebft gi\u00fap th\u1ebf h\u1ec7 sau ti\u1ebfp t\u1ee5c gi\u00e0u c\u00f3<\/p>\n<p data-start=\"985\" data-end=\"1189\">V\u1edbi l\u1ed1i vi\u1ebft g\u1ea7n g\u0169i, d\u1ec5 hi\u1ec3u v\u00e0 nhi\u1ec1u v\u00ed d\u1ee5 th\u1ef1c t\u1ebf, <strong data-start=\"1039\" data-end=\"1102\">cu\u1ed1n s\u00e1ch kh\u00f4ng ch\u1ec9 l\u00e0 kim ch\u1ec9 nam cho ng\u01b0\u1eddi l\u00e0m kinh doanh<\/strong>, m\u00e0 c\u00f2n truy\u1ec1n c\u1ea3m h\u1ee9ng \u0111\u1ec3 b\u1ea1n s\u1ed1ng kh\u00f4n ngoan, b\u1ea3n l\u0129nh v\u00e0 gi\u00e0u gi\u00e1 tr\u1ecb h\u01a1n m\u1ed7i ng\u00e0y.<\/p>\n","protected":false},"excerpt":{"rendered":"<p class=\"mt10 mb10\"><b>T\u00e1c gi\u1ea3 :\u00a0<\/b>Tr\u01b0\u01a1ng \u0110\u1ed1ng Tri\u1ebft<\/p>\n<p class=\"mt10 mb10\"><b>\u0110\u1ecbnh d\u1ea1ng :<\/b>\u00a0S\u00e1ch n\u00f3i<\/p>\n<p><strong><a href=\"https:\/\/drive.usercontent.google.com\/download?id=1ZXaEe3-eKFrbHuL6zQWpBM3qKlPNTK06&amp;export=download&amp;authuser=0\">DOWNLOAD<\/a><br \/>\nH\u00e3y t\u00f9y t\u00e2m \u0111\u00f3ng g\u00f3p \u0111\u1ec3 ch\u00fang t\u00f4i c\u00f3 th\u1ec3 ti\u1ebfp t\u1ee5c duy tr\u00ec v\u00e0 ph\u00e1t tri\u1ec3n ho\u1ea1t \u0111\u1ed9ng \u00fd ngh\u0129a n\u00e0y.<\/strong><\/p>\n<p><img decoding=\"async\" src=\"http:\/\/thuvien360.com\/wp-content\/uploads\/2025\/06\/QR-HUNG.jpg\" \/><\/p>\n","protected":false},"featured_media":385,"comment_status":"open","ping_status":"closed","template":"","meta":{"_uag_custom_page_level_css":""},"product_brand":[],"product_cat":[34],"product_tag":[],"class_list":{"0":"post-384","1":"product","2":"type-product","3":"status-publish","4":"has-post-thumbnail","6":"product_cat-baihoc-kinhdoanh","8":"first","9":"instock","10":"downloadable","11":"virtual","12":"sold-individually","13":"product-type-simple"},"uagb_featured_image_src":{"full":["http:\/\/thuvien360.com\/wp-content\/uploads\/2025\/06\/17-thuong-gia-do-thai.jpg",1200,900,false],"thumbnail":["http:\/\/thuvien360.com\/wp-content\/uploads\/2025\/06\/17-thuong-gia-do-thai-150x150.jpg",150,150,true],"medium":["http:\/\/thuvien360.com\/wp-content\/uploads\/2025\/06\/17-thuong-gia-do-thai-300x225.jpg",300,225,true],"medium_large":["http:\/\/thuvien360.com\/wp-content\/uploads\/2025\/06\/17-thuong-gia-do-thai-768x576.jpg",768,576,true],"large":["http:\/\/thuvien360.com\/wp-content\/uploads\/2025\/06\/17-thuong-gia-do-thai-1024x768.jpg",1020,765,true],"1536x1536":["http:\/\/thuvien360.com\/wp-content\/uploads\/2025\/06\/17-thuong-gia-do-thai.jpg",1200,900,false],"2048x2048":["http:\/\/thuvien360.com\/wp-content\/uploads\/2025\/06\/17-thuong-gia-do-thai.jpg",1200,900,false],"woocommerce_thumbnail":["http:\/\/thuvien360.com\/wp-content\/uploads\/2025\/06\/17-thuong-gia-do-thai-300x300.jpg",300,300,true],"woocommerce_single":["http:\/\/thuvien360.com\/wp-content\/uploads\/2025\/06\/17-thuong-gia-do-thai-600x450.jpg",600,450,true],"woocommerce_gallery_thumbnail":["http:\/\/thuvien360.com\/wp-content\/uploads\/2025\/06\/17-thuong-gia-do-thai-100x100.jpg",100,100,true]},"uagb_author_info":{"display_name":"admin","author_link":"http:\/\/thuvien360.com\/?author=0"},"uagb_comment_info":0,"uagb_excerpt":"T\u00e1c gi\u1ea3 :\u00a0Tr\u01b0\u01a1ng \u0110\u1ed1ng Tri\u1ebft \u0110\u1ecbnh d\u1ea1ng :\u00a0S\u00e1ch n\u00f3i DOWNLOAD H\u00e3y t\u00f9y t\u00e2m \u0111\u00f3ng g\u00f3p \u0111\u1ec3 ch\u00fang t\u00f4i c\u00f3 th\u1ec3 ti\u1ebfp t\u1ee5c duy tr\u00ec v\u00e0 ph\u00e1t tri\u1ec3n ho\u1ea1t \u0111\u1ed9ng \u00fd ngh\u0129a n\u00e0y.","_links":{"self":[{"href":"http:\/\/thuvien360.com\/index.php?rest_route=\/wp\/v2\/product\/384","targetHints":{"allow":["GET"]}}],"collection":[{"href":"http:\/\/thuvien360.com\/index.php?rest_route=\/wp\/v2\/product"}],"about":[{"href":"http:\/\/thuvien360.com\/index.php?rest_route=\/wp\/v2\/types\/product"}],"replies":[{"embeddable":true,"href":"http:\/\/thuvien360.com\/index.php?rest_route=%2Fwp%2Fv2%2Fcomments&post=384"}],"wp:featuredmedia":[{"embeddable":true,"href":"http:\/\/thuvien360.com\/index.php?rest_route=\/wp\/v2\/media\/385"}],"wp:attachment":[{"href":"http:\/\/thuvien360.com\/index.php?rest_route=%2Fwp%2Fv2%2Fmedia&parent=384"}],"wp:term":[{"taxonomy":"product_brand","embeddable":true,"href":"http:\/\/thuvien360.com\/index.php?rest_route=%2Fwp%2Fv2%2Fproduct_brand&post=384"},{"taxonomy":"product_cat","embeddable":true,"href":"http:\/\/thuvien360.com\/index.php?rest_route=%2Fwp%2Fv2%2Fproduct_cat&post=384"},{"taxonomy":"product_tag","embeddable":true,"href":"http:\/\/thuvien360.com\/index.php?rest_route=%2Fwp%2Fv2%2Fproduct_tag&post=384"}],"curies":[{"name":"wp","href":"https:\/\/api.w.org\/{rel}","templated":true}]}}