{"id":376,"date":"2025-06-17T02:03:46","date_gmt":"2025-06-17T02:03:46","guid":{"rendered":"https:\/\/thuvien360.com\/?post_type=product&#038;p=376"},"modified":"2025-07-04T02:31:02","modified_gmt":"2025-07-04T02:31:02","slug":"tui-khon-nhung-meo-muc-tren-thuong-truong","status":"publish","type":"product","link":"http:\/\/thuvien360.com\/?product=tui-khon-nhung-meo-muc-tren-thuong-truong","title":{"rendered":"T\u00fai Kh\u00f4n \u2013 Nh\u1eefng M\u1eb9o M\u1ef1c Tr\u00ean Th\u01b0\u01a1ng Tr\u01b0\u1eddng"},"content":{"rendered":"<h3 data-start=\"195\" data-end=\"250\"><strong data-start=\"199\" data-end=\"248\">&#8220;T\u00fai Kh\u00f4n \u2013 Nh\u1eefng M\u1eb9o M\u1ef1c Tr\u00ean Th\u01b0\u01a1ng Tr\u01b0\u1eddng&#8221;<\/strong><\/h3>\n<p data-start=\"251\" data-end=\"348\"><em data-start=\"251\" data-end=\"348\">T\u00e1c gi\u1ea3: Bo Burlingham \u2013 nh\u00e0 b\u00e1o k\u1ef3 c\u1ef1u c\u1ee7a t\u1ea1p ch\u00ed Inc., chuy\u00ean gia v\u1ec1 doanh nghi\u1ec7p v\u1eeba v\u00e0 nh\u1ecf<\/em><\/p>\n<p data-start=\"350\" data-end=\"601\">Trong kinh doanh, kh\u00f4ng ph\u1ea3i l\u00fac n\u00e0o l\u00fd thuy\u1ebft l\u1edbn hay ng\u00e2n s\u00e1ch kh\u1ee7ng c\u0169ng l\u00e0 y\u1ebfu t\u1ed1 quy\u1ebft \u0111\u1ecbnh th\u00e0nh c\u00f4ng. \u0110\u00f4i khi, ch\u00ednh nh\u1eefng &#8220;t\u00fai kh\u00f4n&#8221; \u2013 m\u1eb9o m\u1ef1c th\u1ef1c t\u1ebf, linh ho\u1ea1t v\u00e0 \u0111\u1ea7y tinh t\u1ebf \u2013 <strong data-start=\"537\" data-end=\"601\">m\u1edbi l\u00e0 th\u1ee9 gi\u00fap doanh nghi\u1ec7p t\u1ed3n t\u1ea1i, ph\u00e1t tri\u1ec3n v\u00e0 b\u1ee9t ph\u00e1.<\/strong><\/p>\n<p data-start=\"603\" data-end=\"805\">Cu\u1ed1n s\u00e1ch n\u00e0y t\u1ed5ng h\u1ee3p nh\u1eefng <strong data-start=\"632\" data-end=\"664\">chi\u1ebfn l\u01b0\u1ee3c nh\u1ecf nh\u01b0ng s\u1eafc b\u00e9n<\/strong>, nh\u1eefng <strong data-start=\"672\" data-end=\"712\">b\u00e0i h\u1ecdc &#8220;x\u01b0\u01a1ng m\u00e1u&#8221; t\u1eeb th\u01b0\u01a1ng tr\u01b0\u1eddng<\/strong>, t\u1eeb c\u00e1c c\u00f4ng ty v\u1eeba v\u00e0 nh\u1ecf \u2013 n\u01a1i m\u00e0 <strong data-start=\"749\" data-end=\"805\">m\u1ed7i quy\u1ebft \u0111\u1ecbnh \u0111\u1ec1u \u1ea3nh h\u01b0\u1edfng tr\u1ef1c ti\u1ebfp \u0111\u1ebfn s\u1ed1ng c\u00f2n.<\/strong><\/p>\n<p data-start=\"807\" data-end=\"1023\">B\u1ea1n s\u1ebd t\u00ecm th\u1ea5y trong \u0111\u00e2y:<br data-start=\"833\" data-end=\"836\" \/>\ud83d\udd38 Nh\u1eefng c\u00e1ch x\u1eed l\u00fd tinh t\u1ebf v\u1edbi kh\u00e1ch h\u00e0ng kh\u00f3 t\u00ednh<br data-start=\"887\" data-end=\"890\" \/>\ud83d\udd38 M\u1eb9o qu\u1ea3n tr\u1ecb n\u1ed9i b\u1ed9 hi\u1ec7u qu\u1ea3 m\u00e0 kh\u00f4ng c\u1ea7n \u0111\u1ebfn l\u00fd thuy\u1ebft cao si\u00eau<br data-start=\"957\" data-end=\"960\" \/>\ud83d\udd38 Nh\u1eefng t\u00ecnh hu\u1ed1ng c\u00f3 th\u1eadt, gi\u00fap b\u1ea1n m\u00e0i b\u00e9n t\u01b0 duy th\u1ef1c chi\u1ebfn<\/p>\n<p data-start=\"1025\" data-end=\"1193\"><strong data-start=\"1025\" data-end=\"1039\">&#8220;T\u00fai Kh\u00f4n&#8221;<\/strong> l\u00e0 cu\u1ed1n s\u00e1ch thi\u1ebft th\u1ef1c d\u00e0nh cho <strong data-start=\"1073\" data-end=\"1193\">ch\u1ee7 doanh nghi\u1ec7p, nh\u00e0 qu\u1ea3n l\u00fd v\u00e0 b\u1ea5t k\u1ef3 ai mu\u1ed1n s\u1ed1ng s\u00f3t v\u00e0 ph\u00e1t tri\u1ec3n th\u00f4ng minh tr\u00ean th\u01b0\u01a1ng tr\u01b0\u1eddng \u0111\u1ea7y c\u1ea1nh tranh.<\/strong><\/p>\n","protected":false},"excerpt":{"rendered":"<p class=\"mt10 mb10\"><b>T\u00e1c gi\u1ea3 :\u00a0<\/b>Bo Burlingham<\/p>\n<p class=\"mt10 mb10\"><b>\u0110\u1ecbnh d\u1ea1ng :<\/b>\u00a0S\u00e1ch n\u00f3i<\/p>\n<p><strong><a href=\"https:\/\/drive.usercontent.google.com\/download?id=1O6w-nCdFNSvnzwBs9bp2izb_8KBmHkKl&amp;export=download&amp;authuser=0\">DOWNLOAD<\/a><br \/>\nH\u00e3y t\u00f9y t\u00e2m \u0111\u00f3ng g\u00f3p \u0111\u1ec3 ch\u00fang t\u00f4i c\u00f3 th\u1ec3 ti\u1ebfp t\u1ee5c duy tr\u00ec v\u00e0 ph\u00e1t tri\u1ec3n ho\u1ea1t \u0111\u1ed9ng \u00fd ngh\u0129a n\u00e0y.<\/strong><\/p>\n<p><img decoding=\"async\" src=\"http:\/\/thuvien360.com\/wp-content\/uploads\/2025\/06\/QR-HUNG.jpg\" \/><\/p>\n","protected":false},"featured_media":377,"comment_status":"open","ping_status":"closed","template":"","meta":{"_uag_custom_page_level_css":""},"product_brand":[],"product_cat":[34],"product_tag":[],"class_list":{"0":"post-376","1":"product","2":"type-product","3":"status-publish","4":"has-post-thumbnail","6":"product_cat-baihoc-kinhdoanh","8":"first","9":"instock","10":"downloadable","11":"virtual","12":"sold-individually","13":"product-type-simple"},"uagb_featured_image_src":{"full":["http:\/\/thuvien360.com\/wp-content\/uploads\/2025\/06\/13-tuikhon300x450.jpg",1200,900,false],"thumbnail":["http:\/\/thuvien360.com\/wp-content\/uploads\/2025\/06\/13-tuikhon300x450-150x150.jpg",150,150,true],"medium":["http:\/\/thuvien360.com\/wp-content\/uploads\/2025\/06\/13-tuikhon300x450-300x225.jpg",300,225,true],"medium_large":["http:\/\/thuvien360.com\/wp-content\/uploads\/2025\/06\/13-tuikhon300x450-768x576.jpg",768,576,true],"large":["http:\/\/thuvien360.com\/wp-content\/uploads\/2025\/06\/13-tuikhon300x450-1024x768.jpg",1020,765,true],"1536x1536":["http:\/\/thuvien360.com\/wp-content\/uploads\/2025\/06\/13-tuikhon300x450.jpg",1200,900,false],"2048x2048":["http:\/\/thuvien360.com\/wp-content\/uploads\/2025\/06\/13-tuikhon300x450.jpg",1200,900,false],"woocommerce_thumbnail":["http:\/\/thuvien360.com\/wp-content\/uploads\/2025\/06\/13-tuikhon300x450-300x300.jpg",300,300,true],"woocommerce_single":["http:\/\/thuvien360.com\/wp-content\/uploads\/2025\/06\/13-tuikhon300x450-600x450.jpg",600,450,true],"woocommerce_gallery_thumbnail":["http:\/\/thuvien360.com\/wp-content\/uploads\/2025\/06\/13-tuikhon300x450-100x100.jpg",100,100,true]},"uagb_author_info":{"display_name":"admin","author_link":"http:\/\/thuvien360.com\/?author=0"},"uagb_comment_info":0,"uagb_excerpt":"T\u00e1c gi\u1ea3 :\u00a0Bo Burlingham \u0110\u1ecbnh d\u1ea1ng :\u00a0S\u00e1ch n\u00f3i DOWNLOAD H\u00e3y t\u00f9y t\u00e2m \u0111\u00f3ng g\u00f3p \u0111\u1ec3 ch\u00fang t\u00f4i c\u00f3 th\u1ec3 ti\u1ebfp t\u1ee5c duy tr\u00ec v\u00e0 ph\u00e1t tri\u1ec3n ho\u1ea1t \u0111\u1ed9ng \u00fd ngh\u0129a n\u00e0y.","_links":{"self":[{"href":"http:\/\/thuvien360.com\/index.php?rest_route=\/wp\/v2\/product\/376","targetHints":{"allow":["GET"]}}],"collection":[{"href":"http:\/\/thuvien360.com\/index.php?rest_route=\/wp\/v2\/product"}],"about":[{"href":"http:\/\/thuvien360.com\/index.php?rest_route=\/wp\/v2\/types\/product"}],"replies":[{"embeddable":true,"href":"http:\/\/thuvien360.com\/index.php?rest_route=%2Fwp%2Fv2%2Fcomments&post=376"}],"wp:featuredmedia":[{"embeddable":true,"href":"http:\/\/thuvien360.com\/index.php?rest_route=\/wp\/v2\/media\/377"}],"wp:attachment":[{"href":"http:\/\/thuvien360.com\/index.php?rest_route=%2Fwp%2Fv2%2Fmedia&parent=376"}],"wp:term":[{"taxonomy":"product_brand","embeddable":true,"href":"http:\/\/thuvien360.com\/index.php?rest_route=%2Fwp%2Fv2%2Fproduct_brand&post=376"},{"taxonomy":"product_cat","embeddable":true,"href":"http:\/\/thuvien360.com\/index.php?rest_route=%2Fwp%2Fv2%2Fproduct_cat&post=376"},{"taxonomy":"product_tag","embeddable":true,"href":"http:\/\/thuvien360.com\/index.php?rest_route=%2Fwp%2Fv2%2Fproduct_tag&post=376"}],"curies":[{"name":"wp","href":"https:\/\/api.w.org\/{rel}","templated":true}]}}