{"id":364,"date":"2025-06-16T09:20:31","date_gmt":"2025-06-16T09:20:31","guid":{"rendered":"https:\/\/thuvien360.com\/?post_type=product&#038;p=364"},"modified":"2025-07-04T02:42:21","modified_gmt":"2025-07-04T02:42:21","slug":"cach-thu-hut-tien-bac","status":"publish","type":"product","link":"http:\/\/thuvien360.com\/?product=cach-thu-hut-tien-bac","title":{"rendered":"C\u00e1ch Thu H\u00fat Ti\u1ec1n B\u1ea1c"},"content":{"rendered":"<p data-start=\"189\" data-end=\"270\"><strong data-start=\"189\" data-end=\"270\">&#8220;C\u00e1ch Thu H\u00fat Ti\u1ec1n B\u1ea1c&#8221; \u2013 \u0110\u00e1nh th\u1ee9c s\u1ee9c m\u1ea1nh ti\u1ec1m th\u1ee9c \u0111\u1ec3 \u0111\u00f3n nh\u1eadn s\u1ef1 gi\u00e0u c\u00f3<\/strong><\/p>\n<p data-start=\"272\" data-end=\"493\">B\u1ea1n c\u00f3 \u0111ang t\u1ef1 gi\u1edbi h\u1ea1n m\u00ecnh trong nh\u1eefng ni\u1ec1m tin ti\u00eau c\u1ef1c v\u1ec1 ti\u1ec1n b\u1ea1c? Theo Joseph Murphy \u2013 chuy\u00ean gia h\u00e0ng \u0111\u1ea7u v\u1ec1 s\u1ee9c m\u1ea1nh ti\u1ec1m th\u1ee9c \u2013 <strong data-start=\"409\" data-end=\"492\">gi\u00e0u c\u00f3 kh\u00f4ng ch\u1ec9 \u0111\u1ebfn t\u1eeb n\u1ed7 l\u1ef1c b\u00ean ngo\u00e0i, m\u00e0 b\u1eaft \u0111\u1ea7u t\u1eeb ni\u1ec1m tin b\u00ean trong b\u1ea1n<\/strong>.<\/p>\n<p data-start=\"495\" data-end=\"812\">Cu\u1ed1n s\u00e1ch <strong data-start=\"505\" data-end=\"532\">&#8220;C\u00e1ch Thu H\u00fat Ti\u1ec1n B\u1ea1c&#8221;<\/strong> mang \u0111\u1ebfn cho b\u1ea1n:<br data-start=\"550\" data-end=\"553\" \/>\ud83d\udd39 C\u00e1ch l\u1eadp tr\u00ecnh l\u1ea1i ti\u1ec1m th\u1ee9c \u0111\u1ec3 <strong data-start=\"588\" data-end=\"614\">thu h\u00fat s\u1ef1 th\u1ecbnh v\u01b0\u1ee3ng<\/strong><br data-start=\"614\" data-end=\"617\" \/>\ud83d\udd39 Nh\u1eefng nguy\u00ean t\u1eafc tinh th\u1ea7n gi\u00fap b\u1ea1n v\u01b0\u1ee3t qua n\u1ed7i s\u1ee3 h\u00e3i, m\u1eb7c c\u1ea3m v\u00e0 gi\u1edbi h\u1ea1n t\u00e0i ch\u00ednh<br data-start=\"706\" data-end=\"709\" \/>\ud83d\udd39 C\u00e1c ph\u01b0\u01a1ng ph\u00e1p thi\u1ec1n \u0111\u1ecbnh, kh\u1eb3ng \u0111\u1ecbnh t\u00edch c\u1ef1c v\u00e0 lu\u1eadt h\u1ea5p d\u1eabn \u0111\u1ec3 <strong data-start=\"779\" data-end=\"812\">ti\u1ec1n b\u1ea1c t\u1ef1 nhi\u00ean t\u00ecm \u0111\u1ebfn b\u1ea1n<\/strong><\/p>\n<p data-start=\"814\" data-end=\"985\">Kh\u00f4ng ch\u1ec9 l\u00e0 m\u1ed9t cu\u1ed1n s\u00e1ch v\u1ec1 t\u00e0i ch\u00ednh, \u0111\u00e2y l\u00e0 <strong data-start=\"862\" data-end=\"892\">h\u00e0nh tr\u00ecnh thay \u0111\u1ed5i t\u01b0 duy<\/strong>, ch\u1eefa l\u00e0nh m\u1ed1i quan h\u1ec7 v\u1edbi ti\u1ec1n b\u1ea1c v\u00e0 m\u1edf ra m\u1ed9t cu\u1ed9c s\u1ed1ng \u0111\u1ea7y \u0111\u1ee7 h\u01a1n t\u1eeb b\u00ean trong ra ngo\u00e0i.<\/p>\n","protected":false},"excerpt":{"rendered":"<p>T\u00e1c gi\u1ea3 : Joseph Murphy<\/p>\n<p>\u0110\u1ecbnh d\u1ea1ng : S\u00e1ch n\u00f3i<\/p>\n<p><strong><a href=\"https:\/\/drive.usercontent.google.com\/download?id=1MUNjPVHyW2Dp-T1hoPlBcFA5guY7vY2h&amp;export=download&amp;authuser=0\">DOWNLOAD<\/a><br \/>\nH\u00e3y t\u00f9y t\u00e2m \u0111\u00f3ng g\u00f3p \u0111\u1ec3 ch\u00fang t\u00f4i c\u00f3 th\u1ec3 ti\u1ebfp t\u1ee5c duy tr\u00ec v\u00e0 ph\u00e1t tri\u1ec3n ho\u1ea1t \u0111\u1ed9ng \u00fd ngh\u0129a n\u00e0y.<\/strong><\/p>\n<p><img decoding=\"async\" src=\"http:\/\/thuvien360.com\/wp-content\/uploads\/2025\/06\/QR-HUNG.jpg\" \/><\/p>\n","protected":false},"featured_media":365,"comment_status":"open","ping_status":"closed","template":"","meta":{"_uag_custom_page_level_css":""},"product_brand":[],"product_cat":[34],"product_tag":[],"class_list":{"0":"post-364","1":"product","2":"type-product","3":"status-publish","4":"has-post-thumbnail","6":"product_cat-baihoc-kinhdoanh","8":"first","9":"instock","10":"downloadable","11":"virtual","12":"sold-individually","13":"product-type-simple"},"uagb_featured_image_src":{"full":["http:\/\/thuvien360.com\/wp-content\/uploads\/2025\/06\/07-cach-thu-hut-tien-bac.jpg",1200,900,false],"thumbnail":["http:\/\/thuvien360.com\/wp-content\/uploads\/2025\/06\/07-cach-thu-hut-tien-bac-150x150.jpg",150,150,true],"medium":["http:\/\/thuvien360.com\/wp-content\/uploads\/2025\/06\/07-cach-thu-hut-tien-bac-300x225.jpg",300,225,true],"medium_large":["http:\/\/thuvien360.com\/wp-content\/uploads\/2025\/06\/07-cach-thu-hut-tien-bac-768x576.jpg",768,576,true],"large":["http:\/\/thuvien360.com\/wp-content\/uploads\/2025\/06\/07-cach-thu-hut-tien-bac-1024x768.jpg",1020,765,true],"1536x1536":["http:\/\/thuvien360.com\/wp-content\/uploads\/2025\/06\/07-cach-thu-hut-tien-bac.jpg",1200,900,false],"2048x2048":["http:\/\/thuvien360.com\/wp-content\/uploads\/2025\/06\/07-cach-thu-hut-tien-bac.jpg",1200,900,false],"woocommerce_thumbnail":["http:\/\/thuvien360.com\/wp-content\/uploads\/2025\/06\/07-cach-thu-hut-tien-bac-300x300.jpg",300,300,true],"woocommerce_single":["http:\/\/thuvien360.com\/wp-content\/uploads\/2025\/06\/07-cach-thu-hut-tien-bac-600x450.jpg",600,450,true],"woocommerce_gallery_thumbnail":["http:\/\/thuvien360.com\/wp-content\/uploads\/2025\/06\/07-cach-thu-hut-tien-bac-100x100.jpg",100,100,true]},"uagb_author_info":{"display_name":"admin","author_link":"http:\/\/thuvien360.com\/?author=0"},"uagb_comment_info":0,"uagb_excerpt":"T\u00e1c gi\u1ea3 : Joseph Murphy \u0110\u1ecbnh d\u1ea1ng : S\u00e1ch n\u00f3i DOWNLOAD H\u00e3y t\u00f9y t\u00e2m \u0111\u00f3ng g\u00f3p \u0111\u1ec3 ch\u00fang t\u00f4i c\u00f3 th\u1ec3 ti\u1ebfp t\u1ee5c duy tr\u00ec v\u00e0 ph\u00e1t tri\u1ec3n ho\u1ea1t \u0111\u1ed9ng \u00fd ngh\u0129a n\u00e0y.","_links":{"self":[{"href":"http:\/\/thuvien360.com\/index.php?rest_route=\/wp\/v2\/product\/364","targetHints":{"allow":["GET"]}}],"collection":[{"href":"http:\/\/thuvien360.com\/index.php?rest_route=\/wp\/v2\/product"}],"about":[{"href":"http:\/\/thuvien360.com\/index.php?rest_route=\/wp\/v2\/types\/product"}],"replies":[{"embeddable":true,"href":"http:\/\/thuvien360.com\/index.php?rest_route=%2Fwp%2Fv2%2Fcomments&post=364"}],"wp:featuredmedia":[{"embeddable":true,"href":"http:\/\/thuvien360.com\/index.php?rest_route=\/wp\/v2\/media\/365"}],"wp:attachment":[{"href":"http:\/\/thuvien360.com\/index.php?rest_route=%2Fwp%2Fv2%2Fmedia&parent=364"}],"wp:term":[{"taxonomy":"product_brand","embeddable":true,"href":"http:\/\/thuvien360.com\/index.php?rest_route=%2Fwp%2Fv2%2Fproduct_brand&post=364"},{"taxonomy":"product_cat","embeddable":true,"href":"http:\/\/thuvien360.com\/index.php?rest_route=%2Fwp%2Fv2%2Fproduct_cat&post=364"},{"taxonomy":"product_tag","embeddable":true,"href":"http:\/\/thuvien360.com\/index.php?rest_route=%2Fwp%2Fv2%2Fproduct_tag&post=364"}],"curies":[{"name":"wp","href":"https:\/\/api.w.org\/{rel}","templated":true}]}}