{"id":362,"date":"2025-06-16T09:12:24","date_gmt":"2025-06-16T09:12:24","guid":{"rendered":"https:\/\/thuvien360.com\/?post_type=product&#038;p=362"},"modified":"2025-07-04T02:47:56","modified_gmt":"2025-07-04T02:47:56","slug":"chi-can-mau-khan-giay","status":"publish","type":"product","link":"http:\/\/thuvien360.com\/?product=chi-can-mau-khan-giay","title":{"rendered":"Ch\u1ec9 C\u1ea7n M\u1ea9u Kh\u0103n Gi\u1ea5y"},"content":{"rendered":"<p data-start=\"186\" data-end=\"347\"><strong data-start=\"186\" data-end=\"277\">&#8220;Ch\u1ec9 C\u1ea7n M\u1ea9u Kh\u0103n Gi\u1ea5y&#8221; \u2013 Gi\u1ea3i quy\u1ebft v\u1ea5n \u0111\u1ec1 v\u00e0 truy\u1ec1n \u0111\u1ea1t \u00fd t\u01b0\u1edfng b\u1eb1ng h\u00ecnh v\u1ebd \u0111\u01a1n gi\u1ea3n<\/strong><br data-start=\"277\" data-end=\"280\" \/><em data-start=\"280\" data-end=\"347\">T\u00e1c gi\u1ea3: Dan Roam \u2013 chuy\u00ean gia t\u01b0 duy th\u1ecb gi\u00e1c n\u1ed5i ti\u1ebfng th\u1ebf gi\u1edbi<\/em><\/p>\n<p data-start=\"349\" data-end=\"569\">B\u1ea1n kh\u00f4ng c\u1ea7n ph\u1ea3i l\u00e0 h\u1ecda s\u0129 \u0111\u1ec3 truy\u1ec1n \u0111\u1ea1t nh\u1eefng \u00fd t\u01b0\u1edfng l\u1edbn. Theo Dan Roam, \u0111\u00f4i khi <strong data-start=\"434\" data-end=\"478\">ch\u1ec9 v\u1edbi m\u1ed9t c\u00e2y b\u00fat v\u00e0 m\u1ed9t m\u1ea9u kh\u0103n gi\u1ea5y<\/strong>, b\u1ea1n \u0111\u00e3 c\u00f3 th\u1ec3 gi\u1ea3i th\u00edch nh\u1eefng v\u1ea5n \u0111\u1ec1 ph\u1ee9c t\u1ea1p, truy\u1ec1n c\u1ea3m h\u1ee9ng v\u00e0 thuy\u1ebft ph\u1ee5c b\u1ea5t k\u1ef3 ai.<\/p>\n<p data-start=\"571\" data-end=\"834\">Cu\u1ed1n s\u00e1ch <strong data-start=\"581\" data-end=\"608\">&#8220;Ch\u1ec9 C\u1ea7n M\u1ea9u Kh\u0103n Gi\u1ea5y&#8221;<\/strong> s\u1ebd h\u01b0\u1edbng d\u1eabn b\u1ea1n c\u00e1ch s\u1eed d\u1ee5ng h\u00ecnh v\u1ebd \u0111\u01a1n gi\u1ea3n nh\u01b0 s\u01a1 \u0111\u1ed3, bi\u1ec3u \u0111\u1ed3 v\u00e0 ph\u00e1c th\u1ea3o tay \u0111\u1ec3:<br data-start=\"695\" data-end=\"698\" \/>\u2714\ufe0f L\u00e0m r\u00f5 \u00fd t\u01b0\u1edfng r\u1ed1i r\u1eafm<br data-start=\"723\" data-end=\"726\" \/>\u2714\ufe0f Thuy\u1ebft tr\u00ecnh m\u1ed9t c\u00e1ch sinh \u0111\u1ed9ng v\u00e0 d\u1ec5 nh\u1edb<br data-start=\"770\" data-end=\"773\" \/>\u2714\ufe0f K\u00edch ho\u1ea1t kh\u1ea3 n\u0103ng t\u01b0 duy tr\u1ef1c quan m\u1ea1nh m\u1ebd h\u01a1n ch\u1eef vi\u1ebft<\/p>\n<p data-start=\"836\" data-end=\"1029\">D\u1ec5 hi\u1ec3u, th\u1ef1c t\u1ebf v\u00e0 \u0111\u1ea7y c\u1ea3m h\u1ee9ng, \u0111\u00e2y l\u00e0 cu\u1ed1n s\u00e1ch d\u00e0nh cho <strong data-start=\"896\" data-end=\"1028\">doanh nh\u00e2n, nh\u00e0 s\u00e1ng t\u1ea1o, gi\u00e1o vi\u00ean, sinh vi\u00ean hay b\u1ea5t k\u1ef3 ai mu\u1ed1n tr\u1edf n\u00ean thuy\u1ebft ph\u1ee5c h\u01a1n m\u00e0 kh\u00f4ng c\u1ea7n k\u1ef9 n\u0103ng thi\u1ebft k\u1ebf ph\u1ee9c t\u1ea1p<\/strong>.<\/p>\n","protected":false},"excerpt":{"rendered":"<p class=\"mt10 mb10\"><b>T\u00e1c gi\u1ea3 :\u00a0<\/b>Dan Roam<\/p>\n<p class=\"mt10 mb10\"><b>NXB :<\/b>\u00a0Tr\u1ebb<\/p>\n<p class=\"mt10 mb10\"><b>\u0110\u1ecbnh d\u1ea1ng :<\/b>\u00a0S\u00e1ch n\u00f3i<\/p>\n<p><strong><a href=\"https:\/\/drive.usercontent.google.com\/download?id=1Ht7M9V8quaawKaHVw5biHsKNgt-cHuob&amp;export=download&amp;authuser=0\">DOWNLOAD<\/a><br \/>\nH\u00e3y t\u00f9y t\u00e2m \u0111\u00f3ng g\u00f3p \u0111\u1ec3 ch\u00fang t\u00f4i c\u00f3 th\u1ec3 ti\u1ebfp t\u1ee5c duy tr\u00ec v\u00e0 ph\u00e1t tri\u1ec3n ho\u1ea1t \u0111\u1ed9ng \u00fd ngh\u0129a n\u00e0y.<\/strong><\/p>\n<p><img decoding=\"async\" src=\"http:\/\/thuvien360.com\/wp-content\/uploads\/2025\/06\/QR-HUNG.jpg\" \/><\/p>\n","protected":false},"featured_media":363,"comment_status":"open","ping_status":"closed","template":"","meta":{"_uag_custom_page_level_css":""},"product_brand":[],"product_cat":[34],"product_tag":[],"class_list":{"0":"post-362","1":"product","2":"type-product","3":"status-publish","4":"has-post-thumbnail","6":"product_cat-baihoc-kinhdoanh","8":"first","9":"instock","10":"downloadable","11":"virtual","12":"sold-individually","13":"product-type-simple"},"uagb_featured_image_src":{"full":["http:\/\/thuvien360.com\/wp-content\/uploads\/2025\/06\/06-chi-can-mau-khan-giay_afbc5e3f47134a7e954346c3bc33b90e_grande.jpg",1200,900,false],"thumbnail":["http:\/\/thuvien360.com\/wp-content\/uploads\/2025\/06\/06-chi-can-mau-khan-giay_afbc5e3f47134a7e954346c3bc33b90e_grande-150x150.jpg",150,150,true],"medium":["http:\/\/thuvien360.com\/wp-content\/uploads\/2025\/06\/06-chi-can-mau-khan-giay_afbc5e3f47134a7e954346c3bc33b90e_grande-300x225.jpg",300,225,true],"medium_large":["http:\/\/thuvien360.com\/wp-content\/uploads\/2025\/06\/06-chi-can-mau-khan-giay_afbc5e3f47134a7e954346c3bc33b90e_grande-768x576.jpg",768,576,true],"large":["http:\/\/thuvien360.com\/wp-content\/uploads\/2025\/06\/06-chi-can-mau-khan-giay_afbc5e3f47134a7e954346c3bc33b90e_grande-1024x768.jpg",1020,765,true],"1536x1536":["http:\/\/thuvien360.com\/wp-content\/uploads\/2025\/06\/06-chi-can-mau-khan-giay_afbc5e3f47134a7e954346c3bc33b90e_grande.jpg",1200,900,false],"2048x2048":["http:\/\/thuvien360.com\/wp-content\/uploads\/2025\/06\/06-chi-can-mau-khan-giay_afbc5e3f47134a7e954346c3bc33b90e_grande.jpg",1200,900,false],"woocommerce_thumbnail":["http:\/\/thuvien360.com\/wp-content\/uploads\/2025\/06\/06-chi-can-mau-khan-giay_afbc5e3f47134a7e954346c3bc33b90e_grande-300x300.jpg",300,300,true],"woocommerce_single":["http:\/\/thuvien360.com\/wp-content\/uploads\/2025\/06\/06-chi-can-mau-khan-giay_afbc5e3f47134a7e954346c3bc33b90e_grande-600x450.jpg",600,450,true],"woocommerce_gallery_thumbnail":["http:\/\/thuvien360.com\/wp-content\/uploads\/2025\/06\/06-chi-can-mau-khan-giay_afbc5e3f47134a7e954346c3bc33b90e_grande-100x100.jpg",100,100,true]},"uagb_author_info":{"display_name":"admin","author_link":"http:\/\/thuvien360.com\/?author=0"},"uagb_comment_info":0,"uagb_excerpt":"T\u00e1c gi\u1ea3 :\u00a0Dan Roam NXB :\u00a0Tr\u1ebb \u0110\u1ecbnh d\u1ea1ng :\u00a0S\u00e1ch n\u00f3i DOWNLOAD H\u00e3y t\u00f9y t\u00e2m \u0111\u00f3ng g\u00f3p \u0111\u1ec3 ch\u00fang t\u00f4i c\u00f3 th\u1ec3 ti\u1ebfp t\u1ee5c duy tr\u00ec v\u00e0 ph\u00e1t tri\u1ec3n ho\u1ea1t \u0111\u1ed9ng \u00fd ngh\u0129a n\u00e0y.","_links":{"self":[{"href":"http:\/\/thuvien360.com\/index.php?rest_route=\/wp\/v2\/product\/362","targetHints":{"allow":["GET"]}}],"collection":[{"href":"http:\/\/thuvien360.com\/index.php?rest_route=\/wp\/v2\/product"}],"about":[{"href":"http:\/\/thuvien360.com\/index.php?rest_route=\/wp\/v2\/types\/product"}],"replies":[{"embeddable":true,"href":"http:\/\/thuvien360.com\/index.php?rest_route=%2Fwp%2Fv2%2Fcomments&post=362"}],"wp:featuredmedia":[{"embeddable":true,"href":"http:\/\/thuvien360.com\/index.php?rest_route=\/wp\/v2\/media\/363"}],"wp:attachment":[{"href":"http:\/\/thuvien360.com\/index.php?rest_route=%2Fwp%2Fv2%2Fmedia&parent=362"}],"wp:term":[{"taxonomy":"product_brand","embeddable":true,"href":"http:\/\/thuvien360.com\/index.php?rest_route=%2Fwp%2Fv2%2Fproduct_brand&post=362"},{"taxonomy":"product_cat","embeddable":true,"href":"http:\/\/thuvien360.com\/index.php?rest_route=%2Fwp%2Fv2%2Fproduct_cat&post=362"},{"taxonomy":"product_tag","embeddable":true,"href":"http:\/\/thuvien360.com\/index.php?rest_route=%2Fwp%2Fv2%2Fproduct_tag&post=362"}],"curies":[{"name":"wp","href":"https:\/\/api.w.org\/{rel}","templated":true}]}}