{"id":36,"date":"2024-03-02T07:04:46","date_gmt":"2024-03-02T07:04:46","guid":{"rendered":"http:\/\/wp.wordpress2024.com\/?post_type=product&#038;p=36"},"modified":"2025-07-04T02:12:40","modified_gmt":"2025-07-04T02:12:40","slug":"vai-thieu-bac-giang","status":"publish","type":"product","link":"http:\/\/thuvien360.com\/?product=vai-thieu-bac-giang","title":{"rendered":"X\u00e2y D\u1ef1ng M\u1ed9t Nh\u00f3m Kinh Doanh Th\u00e0nh C\u00f4ng"},"content":{"rendered":"<div class=\"rich-text\">\n<p data-start=\"176\" data-end=\"269\"><strong data-start=\"176\" data-end=\"267\">&#8220;X\u00e2y D\u1ef1ng M\u1ed9t Nh\u00f3m Kinh Doanh Th\u00e0nh C\u00f4ng&#8221; \u2013 B\u1ec7 ph\u00f3ng cho m\u1ecdi nh\u00e0 l\u00e3nh \u0111\u1ea1o v\u00e0 doanh nh\u00e2n<\/strong><\/p>\n<p data-start=\"271\" data-end=\"508\">Trong kinh doanh, m\u1ed9t c\u00e1 nh\u00e2n gi\u1ecfi c\u00f3 th\u1ec3 t\u1ea1o ra k\u1ebft qu\u1ea3 \u2013 nh\u01b0ng <strong data-start=\"336\" data-end=\"371\">m\u1ed9t nh\u00f3m gi\u1ecfi s\u1ebd t\u1ea1o ra k\u1ef3 t\u00edch<\/strong>. Cu\u1ed1n s\u00e1ch n\u00e0y ch\u00ednh l\u00e0 b\u1ea3n \u0111\u1ed3 h\u01b0\u1edbng d\u1eabn b\u1ea1n c\u00e1ch <strong data-start=\"422\" data-end=\"507\">thu h\u00fat, x\u00e2y d\u1ef1ng v\u00e0 ph\u00e1t tri\u1ec3n m\u1ed9t \u0111\u1ed9i ng\u0169 g\u1eafn k\u1ebft, hi\u1ec7u qu\u1ea3 v\u00e0 c\u00f3 c\u00f9ng t\u1ea7m nh\u00ecn<\/strong>.<\/p>\n<p data-start=\"510\" data-end=\"775\">T\u00e1c ph\u1ea9m cung c\u1ea5p nh\u1eefng nguy\u00ean t\u1eafc n\u1ec1n t\u1ea3ng v\u1ec1:<br data-start=\"557\" data-end=\"560\" \/>\u2714\ufe0f Tuy\u1ec3n \u0111\u00fang ng\u01b0\u1eddi \u2013 v\u00ec &#8220;sai ng\u01b0\u1eddi, m\u1ecdi th\u1ee9 \u0111\u1ec1u sai&#8221;<br data-start=\"613\" data-end=\"616\" \/>\u2714\ufe0f V\u0103n h\u00f3a \u0111\u1ed9i nh\u00f3m \u2013 th\u1ee9 gi\u1eef ch\u00e2n ng\u01b0\u1eddi t\u00e0i l\u00e2u d\u00e0i<br data-start=\"668\" data-end=\"671\" \/>\u2714\ufe0f K\u1ef9 n\u0103ng l\u00e3nh \u0111\u1ea1o \u2013 truy\u1ec1n c\u1ea3m h\u1ee9ng thay v\u00ec \u00e1p \u0111\u1eb7t<br data-start=\"723\" data-end=\"726\" \/>\u2714\ufe0f Gi\u1ea3i quy\u1ebft xung \u0111\u1ed9t v\u00e0 t\u1ea1o \u0111\u1ed9ng l\u1ef1c b\u1ec1n v\u1eefng<\/p>\n<p data-start=\"777\" data-end=\"993\">D\u00e0nh cho c\u00e1c nh\u00e0 qu\u1ea3n l\u00fd, ng\u01b0\u1eddi kh\u1edfi nghi\u1ec7p, tr\u01b0\u1edfng nh\u00f3m b\u00e1n h\u00e0ng ho\u1eb7c b\u1ea5t k\u1ef3 ai mu\u1ed1n n\u00e2ng \u0111\u1ed9i nh\u00f3m c\u1ee7a m\u00ecnh l\u00ean t\u1ea7m cao m\u1edbi \u2013 <strong data-start=\"904\" data-end=\"993\">cu\u1ed1n s\u00e1ch l\u00e0 kim ch\u1ec9 nam gi\u00fap b\u1ea1n bi\u1ebfn t\u1eadp th\u1ec3 th\u00e0nh l\u1ee3i th\u1ebf c\u1ea1nh tranh m\u1ea1nh m\u1ebd nh\u1ea5t.<\/strong><\/p>\n<\/div>\n","protected":false},"excerpt":{"rendered":"<p class=\"mt10 mb10\"><b>T\u00e1c gi\u1ea3 :\u00a0<\/b>Blair Singer<\/p>\n<p class=\"mt10 mb10\"><b>N\u0103m xu\u1ea5t b\u1ea3n :<\/b>\u00a02022<\/p>\n<p class=\"mt10 mb10\"><b>\u0110\u1ecbnh d\u1ea1ng :<\/b>\u00a0S\u00e1ch n\u00f3i<\/p>\n<p><strong><a href=\"https:\/\/drive.usercontent.google.com\/download?id=102wS7bhaI44Sni7AMFWTrok8ITsgwJgs&amp;export=download&amp;authuser=0\">DOWNLOAD<\/a><br \/>\nH\u00e3y t\u00f9y t\u00e2m \u0111\u00f3ng g\u00f3p \u0111\u1ec3 ch\u00fang t\u00f4i c\u00f3 th\u1ec3 ti\u1ebfp t\u1ee5c duy tr\u00ec v\u00e0 ph\u00e1t tri\u1ec3n ho\u1ea1t \u0111\u1ed9ng \u00fd ngh\u0129a n\u00e0y.<\/strong><\/p>\n<p><img decoding=\"async\" src=\"http:\/\/thuvien360.com\/wp-content\/uploads\/2025\/06\/QR-HUNG.jpg\" \/><\/p>\n","protected":false},"featured_media":361,"comment_status":"open","ping_status":"closed","template":"","meta":{"_uag_custom_page_level_css":""},"product_brand":[],"product_cat":[34],"product_tag":[],"class_list":{"0":"post-36","1":"product","2":"type-product","3":"status-publish","4":"has-post-thumbnail","6":"product_cat-baihoc-kinhdoanh","8":"first","9":"instock","10":"downloadable","11":"virtual","12":"sold-individually","13":"product-type-simple"},"uagb_featured_image_src":{"full":["http:\/\/thuvien360.com\/wp-content\/uploads\/2024\/03\/05-Xay-Dung-Mot-Nhom-Kinh-Doanh-Thanh-Cong.jpg",1200,900,false],"thumbnail":["http:\/\/thuvien360.com\/wp-content\/uploads\/2024\/03\/05-Xay-Dung-Mot-Nhom-Kinh-Doanh-Thanh-Cong-150x150.jpg",150,150,true],"medium":["http:\/\/thuvien360.com\/wp-content\/uploads\/2024\/03\/05-Xay-Dung-Mot-Nhom-Kinh-Doanh-Thanh-Cong-300x225.jpg",300,225,true],"medium_large":["http:\/\/thuvien360.com\/wp-content\/uploads\/2024\/03\/05-Xay-Dung-Mot-Nhom-Kinh-Doanh-Thanh-Cong-768x576.jpg",768,576,true],"large":["http:\/\/thuvien360.com\/wp-content\/uploads\/2024\/03\/05-Xay-Dung-Mot-Nhom-Kinh-Doanh-Thanh-Cong-1024x768.jpg",1020,765,true],"1536x1536":["http:\/\/thuvien360.com\/wp-content\/uploads\/2024\/03\/05-Xay-Dung-Mot-Nhom-Kinh-Doanh-Thanh-Cong.jpg",1200,900,false],"2048x2048":["http:\/\/thuvien360.com\/wp-content\/uploads\/2024\/03\/05-Xay-Dung-Mot-Nhom-Kinh-Doanh-Thanh-Cong.jpg",1200,900,false],"woocommerce_thumbnail":["http:\/\/thuvien360.com\/wp-content\/uploads\/2024\/03\/05-Xay-Dung-Mot-Nhom-Kinh-Doanh-Thanh-Cong-300x300.jpg",300,300,true],"woocommerce_single":["http:\/\/thuvien360.com\/wp-content\/uploads\/2024\/03\/05-Xay-Dung-Mot-Nhom-Kinh-Doanh-Thanh-Cong-600x450.jpg",600,450,true],"woocommerce_gallery_thumbnail":["http:\/\/thuvien360.com\/wp-content\/uploads\/2024\/03\/05-Xay-Dung-Mot-Nhom-Kinh-Doanh-Thanh-Cong-100x100.jpg",100,100,true]},"uagb_author_info":{"display_name":"admin","author_link":"http:\/\/thuvien360.com\/?author=0"},"uagb_comment_info":0,"uagb_excerpt":"T\u00e1c gi\u1ea3 :\u00a0Blair Singer N\u0103m xu\u1ea5t b\u1ea3n :\u00a02022 \u0110\u1ecbnh d\u1ea1ng :\u00a0S\u00e1ch n\u00f3i DOWNLOAD H\u00e3y t\u00f9y t\u00e2m \u0111\u00f3ng g\u00f3p \u0111\u1ec3 ch\u00fang t\u00f4i c\u00f3 th\u1ec3 ti\u1ebfp t\u1ee5c duy tr\u00ec v\u00e0 ph\u00e1t tri\u1ec3n ho\u1ea1t \u0111\u1ed9ng \u00fd ngh\u0129a n\u00e0y.","_links":{"self":[{"href":"http:\/\/thuvien360.com\/index.php?rest_route=\/wp\/v2\/product\/36","targetHints":{"allow":["GET"]}}],"collection":[{"href":"http:\/\/thuvien360.com\/index.php?rest_route=\/wp\/v2\/product"}],"about":[{"href":"http:\/\/thuvien360.com\/index.php?rest_route=\/wp\/v2\/types\/product"}],"replies":[{"embeddable":true,"href":"http:\/\/thuvien360.com\/index.php?rest_route=%2Fwp%2Fv2%2Fcomments&post=36"}],"wp:featuredmedia":[{"embeddable":true,"href":"http:\/\/thuvien360.com\/index.php?rest_route=\/wp\/v2\/media\/361"}],"wp:attachment":[{"href":"http:\/\/thuvien360.com\/index.php?rest_route=%2Fwp%2Fv2%2Fmedia&parent=36"}],"wp:term":[{"taxonomy":"product_brand","embeddable":true,"href":"http:\/\/thuvien360.com\/index.php?rest_route=%2Fwp%2Fv2%2Fproduct_brand&post=36"},{"taxonomy":"product_cat","embeddable":true,"href":"http:\/\/thuvien360.com\/index.php?rest_route=%2Fwp%2Fv2%2Fproduct_cat&post=36"},{"taxonomy":"product_tag","embeddable":true,"href":"http:\/\/thuvien360.com\/index.php?rest_route=%2Fwp%2Fv2%2Fproduct_tag&post=36"}],"curies":[{"name":"wp","href":"https:\/\/api.w.org\/{rel}","templated":true}]}}