{"id":327,"date":"2025-06-13T04:50:43","date_gmt":"2025-06-13T04:50:43","guid":{"rendered":"https:\/\/thuvien360.com\/?post_type=product&#038;p=327"},"modified":"2025-07-04T02:47:45","modified_gmt":"2025-07-04T02:47:45","slug":"sup-do-audio","status":"publish","type":"product","link":"http:\/\/thuvien360.com\/?product=sup-do-audio","title":{"rendered":"&#8220;X\u00e2y D\u1ef1ng \u0110\u1ec3 Tr\u01b0\u1eddng T\u1ed3n&#8221; \u2013 B\u00ed m\u1eadt c\u1ee7a nh\u1eefng c\u00f4ng ty v\u0129 \u0111\u1ea1i s\u1ed1ng s\u00f3t qua th\u1eddi gian"},"content":{"rendered":"<h3 data-start=\"221\" data-end=\"312\"><strong data-start=\"225\" data-end=\"310\">&#8220;X\u00e2y D\u1ef1ng \u0110\u1ec3 Tr\u01b0\u1eddng T\u1ed3n&#8221; \u2013 B\u00ed m\u1eadt c\u1ee7a nh\u1eefng c\u00f4ng ty v\u0129 \u0111\u1ea1i s\u1ed1ng s\u00f3t qua th\u1eddi gian<\/strong><\/h3>\n<p data-start=\"313\" data-end=\"391\"><em data-start=\"313\" data-end=\"391\">T\u00e1c gi\u1ea3: Jim Collins \u2013 nh\u00e0 t\u01b0 v\u1ea5n chi\u1ebfn l\u01b0\u1ee3c v\u00e0 t\u00e1c gi\u1ea3 best-seller to\u00e0n c\u1ea7u<\/em><\/p>\n<p data-start=\"393\" data-end=\"675\">\u0110i\u1ec1u g\u00ec khi\u1ebfn m\u1ed9t s\u1ed1 c\u00f4ng ty t\u1ed3n t\u1ea1i v\u00e0 ph\u00e1t tri\u1ec3n qua h\u00e0ng th\u1eadp k\u1ef7, trong khi nh\u1eefng doanh nghi\u1ec7p kh\u00e1c l\u1ea1i s\u1edbm r\u01a1i v\u00e0o l\u00e3ng qu\u00ean? <strong data-start=\"523\" data-end=\"551\">&#8220;X\u00e2y D\u1ef1ng \u0110\u1ec3 Tr\u01b0\u1eddng T\u1ed3n&#8221;<\/strong> kh\u00f4ng ch\u1ec9 tr\u1ea3 l\u1eddi c\u00e2u h\u1ecfi \u0111\u00f3, m\u00e0 c\u00f2n mang \u0111\u1ebfn <strong data-start=\"598\" data-end=\"675\">m\u1ed9t b\u1ed9 khung th\u1ef1c ti\u1ec5n \u0111\u1ec3 x\u00e2y d\u1ef1ng doanh nghi\u1ec7p tr\u01b0\u1eddng t\u1ed3n qua th\u1eddi gian.<\/strong><\/p>\n<p data-start=\"677\" data-end=\"1021\">D\u1ef1a tr\u00ean nghi\u00ean c\u1ee9u k\u00e9o d\u00e0i 6 n\u0103m v\u1edbi h\u00e0ng ch\u1ee5c c\u00f4ng ty h\u00e0ng \u0111\u1ea7u n\u01b0\u1edbc M\u1ef9, cu\u1ed1n s\u00e1ch h\u00e9 l\u1ed9:<br data-start=\"767\" data-end=\"770\" \/>\ud83d\udd39 Nh\u1eefng c\u1eb7p so s\u00e1nh gi\u1eefa doanh nghi\u1ec7p tr\u01b0\u1eddng t\u1ed3n v\u00e0 doanh nghi\u1ec7p \u201cb\u00ecnh th\u01b0\u1eddng\u201d<br data-start=\"849\" data-end=\"852\" \/>\ud83d\udd39 C\u00e1c nguy\u00ean t\u1eafc v\u1eadn h\u00e0nh n\u1ec1n t\u1ea3ng: t\u01b0 duy c\u1ed1t l\u00f5i \u2013 \u0111\u1ed5i m\u1edbi kh\u00f4ng ng\u1eebng<br data-start=\"925\" data-end=\"928\" \/>\ud83d\udd39 C\u00e1ch nu\u00f4i d\u01b0\u1ee1ng v\u0103n h\u00f3a doanh nghi\u1ec7p m\u1ea1nh, t\u1ea7m nh\u00ecn xuy\u00ean su\u1ed1t v\u00e0 \u0111\u1ed9i ng\u0169 l\u00e3nh \u0111\u1ea1o k\u1ebf th\u1eeba<\/p>\n<p data-start=\"1023\" data-end=\"1164\">Kh\u00f4ng ch\u1ec9 d\u00e0nh cho doanh nh\u00e2n, <strong data-start=\"1054\" data-end=\"1164\">cu\u1ed1n s\u00e1ch n\u00e0y ph\u00f9 h\u1ee3p v\u1edbi b\u1ea5t k\u1ef3 ai mu\u1ed1n t\u1ea1o d\u1ef1ng t\u1ed5 ch\u1ee9c, s\u1ef1 nghi\u1ec7p ho\u1eb7c gi\u00e1 tr\u1ecb b\u1ec1n v\u1eefng theo th\u1eddi gian.<\/strong><\/p>\n","protected":false},"excerpt":{"rendered":"<p><strong>T\u00e1c gi\u1ea3 :<\/strong> Jim Collins<\/p>\n<p><strong>\u0110\u1ecbnh d\u1ea1ng :<\/strong> S\u00e1ch n\u00f3i<\/p>\n<p><strong><a href=\"https:\/\/drive.usercontent.google.com\/download?id=1AUOgu5oN6M5GHFIDB08l3Cze0iYWzNSU&amp;export=download&amp;authuser=0\">DOWNLOAD<\/a><br \/>\nH\u00e3y t\u00f9y t\u00e2m \u0111\u00f3ng g\u00f3p \u0111\u1ec3 ch\u00fang t\u00f4i c\u00f3 th\u1ec3 ti\u1ebfp t\u1ee5c duy tr\u00ec v\u00e0 ph\u00e1t tri\u1ec3n ho\u1ea1t \u0111\u1ed9ng \u00fd ngh\u0129a n\u00e0y.<\/strong><\/p>\n<p><img decoding=\"async\" src=\"http:\/\/thuvien360.com\/wp-content\/uploads\/2025\/06\/QR-HUNG.jpg\" \/><\/p>\n","protected":false},"featured_media":403,"comment_status":"open","ping_status":"closed","template":"","meta":{"_uag_custom_page_level_css":""},"product_brand":[],"product_cat":[34,36,38],"product_tag":[],"class_list":{"0":"post-327","1":"product","2":"type-product","3":"status-publish","4":"has-post-thumbnail","6":"product_cat-baihoc-kinhdoanh","7":"product_cat-day-lam-giau","8":"product_cat-ky-nang-ban-hang","10":"first","11":"instock","12":"downloadable","13":"virtual","14":"sold-individually","15":"product-type-simple"},"uagb_featured_image_src":{"full":["http:\/\/thuvien360.com\/wp-content\/uploads\/2025\/06\/23-xay-dung-de-truong-ton-1.jpg",1200,900,false],"thumbnail":["http:\/\/thuvien360.com\/wp-content\/uploads\/2025\/06\/23-xay-dung-de-truong-ton-1-150x150.jpg",150,150,true],"medium":["http:\/\/thuvien360.com\/wp-content\/uploads\/2025\/06\/23-xay-dung-de-truong-ton-1-300x225.jpg",300,225,true],"medium_large":["http:\/\/thuvien360.com\/wp-content\/uploads\/2025\/06\/23-xay-dung-de-truong-ton-1-768x576.jpg",768,576,true],"large":["http:\/\/thuvien360.com\/wp-content\/uploads\/2025\/06\/23-xay-dung-de-truong-ton-1-1024x768.jpg",1020,765,true],"1536x1536":["http:\/\/thuvien360.com\/wp-content\/uploads\/2025\/06\/23-xay-dung-de-truong-ton-1.jpg",1200,900,false],"2048x2048":["http:\/\/thuvien360.com\/wp-content\/uploads\/2025\/06\/23-xay-dung-de-truong-ton-1.jpg",1200,900,false],"woocommerce_thumbnail":["http:\/\/thuvien360.com\/wp-content\/uploads\/2025\/06\/23-xay-dung-de-truong-ton-1-300x300.jpg",300,300,true],"woocommerce_single":["http:\/\/thuvien360.com\/wp-content\/uploads\/2025\/06\/23-xay-dung-de-truong-ton-1-600x450.jpg",600,450,true],"woocommerce_gallery_thumbnail":["http:\/\/thuvien360.com\/wp-content\/uploads\/2025\/06\/23-xay-dung-de-truong-ton-1-100x100.jpg",100,100,true]},"uagb_author_info":{"display_name":"admin","author_link":"http:\/\/thuvien360.com\/?author=0"},"uagb_comment_info":0,"uagb_excerpt":"T\u00e1c gi\u1ea3 : Jim Collins \u0110\u1ecbnh d\u1ea1ng : S\u00e1ch n\u00f3i DOWNLOAD H\u00e3y t\u00f9y t\u00e2m \u0111\u00f3ng g\u00f3p \u0111\u1ec3 ch\u00fang t\u00f4i c\u00f3 th\u1ec3 ti\u1ebfp t\u1ee5c duy tr\u00ec v\u00e0 ph\u00e1t tri\u1ec3n ho\u1ea1t \u0111\u1ed9ng \u00fd ngh\u0129a n\u00e0y.","_links":{"self":[{"href":"http:\/\/thuvien360.com\/index.php?rest_route=\/wp\/v2\/product\/327","targetHints":{"allow":["GET"]}}],"collection":[{"href":"http:\/\/thuvien360.com\/index.php?rest_route=\/wp\/v2\/product"}],"about":[{"href":"http:\/\/thuvien360.com\/index.php?rest_route=\/wp\/v2\/types\/product"}],"replies":[{"embeddable":true,"href":"http:\/\/thuvien360.com\/index.php?rest_route=%2Fwp%2Fv2%2Fcomments&post=327"}],"wp:featuredmedia":[{"embeddable":true,"href":"http:\/\/thuvien360.com\/index.php?rest_route=\/wp\/v2\/media\/403"}],"wp:attachment":[{"href":"http:\/\/thuvien360.com\/index.php?rest_route=%2Fwp%2Fv2%2Fmedia&parent=327"}],"wp:term":[{"taxonomy":"product_brand","embeddable":true,"href":"http:\/\/thuvien360.com\/index.php?rest_route=%2Fwp%2Fv2%2Fproduct_brand&post=327"},{"taxonomy":"product_cat","embeddable":true,"href":"http:\/\/thuvien360.com\/index.php?rest_route=%2Fwp%2Fv2%2Fproduct_cat&post=327"},{"taxonomy":"product_tag","embeddable":true,"href":"http:\/\/thuvien360.com\/index.php?rest_route=%2Fwp%2Fv2%2Fproduct_tag&post=327"}],"curies":[{"name":"wp","href":"https:\/\/api.w.org\/{rel}","templated":true}]}}