{"id":325,"date":"2025-06-13T04:44:36","date_gmt":"2025-06-13T04:44:36","guid":{"rendered":"https:\/\/thuvien360.com\/?post_type=product&#038;p=325"},"modified":"2025-07-04T02:05:16","modified_gmt":"2025-07-04T02:05:16","slug":"mcmafia-toan-cau-hoa-toi-ac-audio","status":"publish","type":"product","link":"http:\/\/thuvien360.com\/?product=mcmafia-toan-cau-hoa-toi-ac-audio","title":{"rendered":"&#8220;100 \u00dd T\u01b0\u1edfng Ti\u1ebfp Th\u1ecb Tuy\u1ec7t Hay&#8221; \u2013 Truy\u1ec1n c\u1ea3m h\u1ee9ng, t\u1ea1o \u0111\u1ed9t ph\u00e1, t\u0103ng doanh s\u1ed1"},"content":{"rendered":"<h3 data-start=\"193\" data-end=\"281\"><strong data-start=\"197\" data-end=\"279\">&#8220;100 \u00dd T\u01b0\u1edfng Ti\u1ebfp Th\u1ecb Tuy\u1ec7t Hay&#8221; \u2013 Truy\u1ec1n c\u1ea3m h\u1ee9ng, t\u1ea1o \u0111\u1ed9t ph\u00e1, t\u0103ng doanh s\u1ed1<\/strong><\/h3>\n<p data-start=\"282\" data-end=\"380\"><em data-start=\"282\" data-end=\"380\">T\u00e1c gi\u1ea3: Jim Blythe \u2013 chuy\u00ean gia ti\u1ebfp th\u1ecb, gi\u1ea3ng vi\u00ean v\u00e0 t\u00e1c gi\u1ea3 nhi\u1ec1u s\u00e1ch kinh doanh n\u1ed5i ti\u1ebfng<\/em><\/p>\n<p data-start=\"382\" data-end=\"663\">B\u1ea1n \u0111ang t\u00ecm ki\u1ebfm \u00fd t\u01b0\u1edfng m\u1edbi m\u1ebb \u0111\u1ec3 ti\u1ebfp c\u1eadn kh\u00e1ch h\u00e0ng, t\u1ea1o l\u1ee3i th\u1ebf c\u1ea1nh tranh v\u00e0 \u0111\u1ea9y m\u1ea1nh doanh s\u1ed1? Cu\u1ed1n s\u00e1ch n\u00e0y ch\u00ednh l\u00e0 <strong data-start=\"507\" data-end=\"553\">b\u1ea3n \u0111\u1ed3 s\u00e1ng t\u1ea1o d\u00e0nh cho marketer hi\u1ec7n \u0111\u1ea1i<\/strong>, t\u1ed5ng h\u1ee3p 100 chi\u1ebfn l\u01b0\u1ee3c marketing hi\u1ec7u qu\u1ea3 \u0111\u00e3 \u0111\u01b0\u1ee3c \u00e1p d\u1ee5ng th\u00e0nh c\u00f4ng b\u1edfi c\u00e1c th\u01b0\u01a1ng hi\u1ec7u l\u1edbn tr\u00ean th\u1ebf gi\u1edbi.<\/p>\n<p data-start=\"665\" data-end=\"924\">N\u1ed9i dung n\u1ed5i b\u1eadt:<br data-start=\"682\" data-end=\"685\" \/>\ud83d\udd39 100 \u00fd t\u01b0\u1edfng ng\u1eafn g\u1ecdn, d\u1ec5 hi\u1ec3u, d\u1ec5 \u00e1p d\u1ee5ng<br data-start=\"729\" data-end=\"732\" \/>\ud83d\udd39 L\u1ea5y c\u1ea3m h\u1ee9ng t\u1eeb th\u1ef1c t\u1ebf \u2013 t\u1eeb Apple, IKEA \u0111\u1ebfn c\u00e1c doanh nghi\u1ec7p nh\u1ecf s\u00e1ng t\u1ea1o<br data-start=\"809\" data-end=\"812\" \/>\ud83d\udd39 Bao qu\u00e1t \u0111a d\u1ea1ng ch\u1ee7 \u0111\u1ec1: x\u00e2y d\u1ef1ng th\u01b0\u01a1ng hi\u1ec7u, qu\u1ea3ng b\u00e1, \u0111\u1ecbnh v\u1ecb, ch\u0103m s\u00f3c kh\u00e1ch h\u00e0ng, marketing k\u1ef9 thu\u1eadt s\u1ed1\u2026<\/p>\n<p data-start=\"926\" data-end=\"1103\">D\u00f9 b\u1ea1n l\u00e0 ch\u1ee7 doanh nghi\u1ec7p, nh\u00e2n vi\u00ean marketing, hay ng\u01b0\u1eddi m\u1edbi kh\u1edfi nghi\u1ec7p, <strong data-start=\"1002\" data-end=\"1103\">cu\u1ed1n s\u00e1ch n\u00e0y s\u1ebd gi\u00fap b\u1ea1n b\u1ee9t ph\u00e1 kh\u1ecfi l\u1ed1i m\u00f2n v\u00e0 kh\u01a1i d\u1eady t\u01b0 duy ti\u1ebfp th\u1ecb linh ho\u1ea1t, th\u1ef1c chi\u1ebfn.<\/strong><\/p>\n","protected":false},"excerpt":{"rendered":"<p class=\"mt10 mb10\"><b>T\u00e1c gi\u1ea3 :\u00a0<\/b>Jim Blythe<\/p>\n<p class=\"mt10 mb10\"><b>NXB :<\/b>\u00a0Tr\u1ebb<\/p>\n<p class=\"mt10 mb10\"><b>\u0110\u1ecbnh d\u1ea1ng :<\/b>\u00a0S\u00e1ch n\u00f3i<\/p>\n<p><strong><a href=\"https:\/\/drive.usercontent.google.com\/download?id=1R8mSwsFnsOKoGxmlzdXpdtUQBYTu1afL&amp;export=download&amp;authuser=0\">DOWNLOAD<\/a><br \/>\nH\u00e3y t\u00f9y t\u00e2m \u0111\u00f3ng g\u00f3p \u0111\u1ec3 ch\u00fang t\u00f4i c\u00f3 th\u1ec3 ti\u1ebfp t\u1ee5c duy tr\u00ec v\u00e0 ph\u00e1t tri\u1ec3n ho\u1ea1t \u0111\u1ed9ng \u00fd ngh\u0129a n\u00e0y.<\/strong><\/p>\n<p><img decoding=\"async\" src=\"http:\/\/thuvien360.com\/wp-content\/uploads\/2025\/06\/QR-HUNG.jpg\" \/><\/p>\n","protected":false},"featured_media":405,"comment_status":"open","ping_status":"closed","template":"","meta":{"_uag_custom_page_level_css":""},"product_brand":[],"product_cat":[34,36,38],"product_tag":[],"class_list":{"0":"post-325","1":"product","2":"type-product","3":"status-publish","4":"has-post-thumbnail","6":"product_cat-baihoc-kinhdoanh","7":"product_cat-day-lam-giau","8":"product_cat-ky-nang-ban-hang","10":"first","11":"instock","12":"downloadable","13":"virtual","14":"sold-individually","15":"product-type-simple"},"uagb_featured_image_src":{"full":["http:\/\/thuvien360.com\/wp-content\/uploads\/2025\/06\/24-100-y-tuong-tiep-thi-tuyet-hay.jpg",1200,900,false],"thumbnail":["http:\/\/thuvien360.com\/wp-content\/uploads\/2025\/06\/24-100-y-tuong-tiep-thi-tuyet-hay-150x150.jpg",150,150,true],"medium":["http:\/\/thuvien360.com\/wp-content\/uploads\/2025\/06\/24-100-y-tuong-tiep-thi-tuyet-hay-300x225.jpg",300,225,true],"medium_large":["http:\/\/thuvien360.com\/wp-content\/uploads\/2025\/06\/24-100-y-tuong-tiep-thi-tuyet-hay-768x576.jpg",768,576,true],"large":["http:\/\/thuvien360.com\/wp-content\/uploads\/2025\/06\/24-100-y-tuong-tiep-thi-tuyet-hay-1024x768.jpg",1020,765,true],"1536x1536":["http:\/\/thuvien360.com\/wp-content\/uploads\/2025\/06\/24-100-y-tuong-tiep-thi-tuyet-hay.jpg",1200,900,false],"2048x2048":["http:\/\/thuvien360.com\/wp-content\/uploads\/2025\/06\/24-100-y-tuong-tiep-thi-tuyet-hay.jpg",1200,900,false],"woocommerce_thumbnail":["http:\/\/thuvien360.com\/wp-content\/uploads\/2025\/06\/24-100-y-tuong-tiep-thi-tuyet-hay-300x300.jpg",300,300,true],"woocommerce_single":["http:\/\/thuvien360.com\/wp-content\/uploads\/2025\/06\/24-100-y-tuong-tiep-thi-tuyet-hay-600x450.jpg",600,450,true],"woocommerce_gallery_thumbnail":["http:\/\/thuvien360.com\/wp-content\/uploads\/2025\/06\/24-100-y-tuong-tiep-thi-tuyet-hay-100x100.jpg",100,100,true]},"uagb_author_info":{"display_name":"admin","author_link":"http:\/\/thuvien360.com\/?author=0"},"uagb_comment_info":0,"uagb_excerpt":"T\u00e1c gi\u1ea3 :\u00a0Jim Blythe NXB :\u00a0Tr\u1ebb \u0110\u1ecbnh d\u1ea1ng :\u00a0S\u00e1ch n\u00f3i DOWNLOAD H\u00e3y t\u00f9y t\u00e2m \u0111\u00f3ng g\u00f3p \u0111\u1ec3 ch\u00fang t\u00f4i c\u00f3 th\u1ec3 ti\u1ebfp t\u1ee5c duy tr\u00ec v\u00e0 ph\u00e1t tri\u1ec3n ho\u1ea1t \u0111\u1ed9ng \u00fd ngh\u0129a n\u00e0y.","_links":{"self":[{"href":"http:\/\/thuvien360.com\/index.php?rest_route=\/wp\/v2\/product\/325","targetHints":{"allow":["GET"]}}],"collection":[{"href":"http:\/\/thuvien360.com\/index.php?rest_route=\/wp\/v2\/product"}],"about":[{"href":"http:\/\/thuvien360.com\/index.php?rest_route=\/wp\/v2\/types\/product"}],"replies":[{"embeddable":true,"href":"http:\/\/thuvien360.com\/index.php?rest_route=%2Fwp%2Fv2%2Fcomments&post=325"}],"wp:featuredmedia":[{"embeddable":true,"href":"http:\/\/thuvien360.com\/index.php?rest_route=\/wp\/v2\/media\/405"}],"wp:attachment":[{"href":"http:\/\/thuvien360.com\/index.php?rest_route=%2Fwp%2Fv2%2Fmedia&parent=325"}],"wp:term":[{"taxonomy":"product_brand","embeddable":true,"href":"http:\/\/thuvien360.com\/index.php?rest_route=%2Fwp%2Fv2%2Fproduct_brand&post=325"},{"taxonomy":"product_cat","embeddable":true,"href":"http:\/\/thuvien360.com\/index.php?rest_route=%2Fwp%2Fv2%2Fproduct_cat&post=325"},{"taxonomy":"product_tag","embeddable":true,"href":"http:\/\/thuvien360.com\/index.php?rest_route=%2Fwp%2Fv2%2Fproduct_tag&post=325"}],"curies":[{"name":"wp","href":"https:\/\/api.w.org\/{rel}","templated":true}]}}