{"id":323,"date":"2025-06-13T04:39:36","date_gmt":"2025-06-13T04:39:36","guid":{"rendered":"https:\/\/thuvien360.com\/?post_type=product&#038;p=323"},"modified":"2025-07-04T02:05:10","modified_gmt":"2025-07-04T02:05:10","slug":"88-ke-lam-giau-audio","status":"publish","type":"product","link":"http:\/\/thuvien360.com\/?product=88-ke-lam-giau-audio","title":{"rendered":"Kh\u00e1c Bi\u1ec7t Hay L\u00e0 Ch\u1ebft \u2013 Khi th\u1ecb tr\u01b0\u1eddng kh\u00f4ng ch\u1eeba ch\u1ed7 cho k\u1ebb m\u1edd nh\u1ea1t"},"content":{"rendered":"<h3 data-start=\"197\" data-end=\"277\"><strong data-start=\"201\" data-end=\"275\">&#8220;Kh\u00e1c Bi\u1ec7t Hay L\u00e0 Ch\u1ebft&#8221; \u2013 Khi th\u1ecb tr\u01b0\u1eddng kh\u00f4ng ch\u1eeba ch\u1ed7 cho k\u1ebb m\u1edd nh\u1ea1t<\/strong><\/h3>\n<p data-start=\"278\" data-end=\"363\"><em data-start=\"278\" data-end=\"363\">T\u00e1c gi\u1ea3: Jack Trout \u2013 b\u1eadc th\u1ea7y \u0111\u1ecbnh v\u1ecb th\u01b0\u01a1ng hi\u1ec7u v\u00e0 chi\u1ebfn l\u01b0\u1ee3c marketing hi\u1ec7n \u0111\u1ea1i<\/em><\/p>\n<p data-start=\"365\" data-end=\"551\">Trong th\u1eddi \u0111\u1ea1i m\u00e0 s\u1ea3n ph\u1ea9m gi\u1ed1ng nhau tr\u00e0n ng\u1eadp, gi\u00e1 c\u1ea3 c\u1ea1nh tranh \u0111\u1ebfn ngh\u1eb9t th\u1edf v\u00e0 kh\u00e1ch h\u00e0ng b\u1ecb \u201cb\u1ed9i th\u1ef1c\u201d th\u00f4ng tin, <strong data-start=\"485\" data-end=\"550\">s\u1ef1 kh\u00e1c bi\u1ec7t kh\u00f4ng c\u00f2n l\u00e0 l\u1ef1a ch\u1ecdn \u2013 m\u00e0 l\u00e0 \u0111i\u1ec1u ki\u1ec7n s\u1ed1ng c\u00f2n<\/strong>.<\/p>\n<p data-start=\"553\" data-end=\"863\">Trong cu\u1ed1n s\u00e1ch n\u00e0y, Jack Trout kh\u1eb3ng \u0111\u1ecbnh:<br data-start=\"596\" data-end=\"599\" \/>\ud83d\udd39 <strong data-start=\"602\" data-end=\"663\">Doanh nghi\u1ec7p kh\u00f4ng kh\u00e1c bi\u1ec7t \u2013 s\u1ebd b\u1ecb lo\u1ea1i kh\u1ecfi cu\u1ed9c ch\u01a1i.<\/strong><br data-start=\"663\" data-end=\"666\" \/>\ud83d\udd39 T\u01b0 duy \u201cl\u00e0m t\u1ed1t th\u00f4i l\u00e0 ch\u01b0a \u0111\u1ee7\u201d \u2013 b\u1ea1n ph\u1ea3i <strong data-start=\"713\" data-end=\"743\">n\u1ed5i b\u1eadt, \u0111\u1ed9c \u0111\u00e1o v\u00e0 d\u1ec5 nh\u1edb<\/strong>.<br data-start=\"744\" data-end=\"747\" \/>\ud83d\udd39 H\u00e0ng lo\u1ea1t v\u00ed d\u1ee5 th\u1ef1c t\u1ebf t\u1eeb c\u00e1c th\u01b0\u01a1ng hi\u1ec7u l\u1edbn th\u00e0nh c\u00f4ng nh\u1edd chi\u1ebfn l\u01b0\u1ee3c \u0111\u1ecbnh v\u1ecb th\u00f4ng minh v\u00e0 kh\u00e1c bi\u1ec7t r\u00f5 r\u00e0ng.<\/p>\n<p data-start=\"865\" data-end=\"1056\"><strong data-start=\"865\" data-end=\"892\">&#8220;Kh\u00e1c Bi\u1ec7t Hay L\u00e0 Ch\u1ebft&#8221;<\/strong> l\u00e0 cu\u1ed1n s\u00e1ch g\u1ed1i \u0111\u1ea7u gi\u01b0\u1eddng d\u00e0nh cho doanh nh\u00e2n, marketer, ng\u01b0\u1eddi kh\u1edfi nghi\u1ec7p \u2013 b\u1ea5t k\u1ef3 ai mu\u1ed1n th\u01b0\u01a1ng hi\u1ec7u c\u1ee7a m\u00ecnh <strong data-start=\"1008\" data-end=\"1056\">\u0111\u01b0\u1ee3c nh\u1eadn ra, \u0111\u01b0\u1ee3c nh\u1edb t\u1edbi v\u00e0 \u0111\u01b0\u1ee3c l\u1ef1a ch\u1ecdn.<\/strong><\/p>\n","protected":false},"excerpt":{"rendered":"<p><strong>T\u00e1c gi\u1ea3<\/strong> : Jack Trout<\/p>\n<p><strong>\u0110\u1ecbnh d\u1ea1ng<\/strong> : S\u00e1ch n\u00f3i<\/p>\n<p><strong><a href=\"https:\/\/drive.usercontent.google.com\/download?id=1KitrdL_wtjzDXfNtaW8e1xRJVtC_MrUC&amp;export=download&amp;authuser=0\">DOWNLOAD<\/a><br \/>\nH\u00e3y t\u00f9y t\u00e2m \u0111\u00f3ng g\u00f3p \u0111\u1ec3 ch\u00fang t\u00f4i c\u00f3 th\u1ec3 ti\u1ebfp t\u1ee5c duy tr\u00ec v\u00e0 ph\u00e1t tri\u1ec3n ho\u1ea1t \u0111\u1ed9ng \u00fd ngh\u0129a n\u00e0y.<\/strong><\/p>\n<p><img decoding=\"async\" src=\"http:\/\/thuvien360.com\/wp-content\/uploads\/2025\/06\/QR-HUNG.jpg\" \/><\/p>\n","protected":false},"featured_media":407,"comment_status":"open","ping_status":"closed","template":"","meta":{"_uag_custom_page_level_css":""},"product_brand":[],"product_cat":[34,36,38],"product_tag":[],"class_list":{"0":"post-323","1":"product","2":"type-product","3":"status-publish","4":"has-post-thumbnail","6":"product_cat-baihoc-kinhdoanh","7":"product_cat-day-lam-giau","8":"product_cat-ky-nang-ban-hang","10":"first","11":"instock","12":"downloadable","13":"virtual","14":"sold-individually","15":"product-type-simple"},"uagb_featured_image_src":{"full":["http:\/\/thuvien360.com\/wp-content\/uploads\/2025\/06\/25-khac-biet-hay-la-chet-tb-2021.jpg",1200,900,false],"thumbnail":["http:\/\/thuvien360.com\/wp-content\/uploads\/2025\/06\/25-khac-biet-hay-la-chet-tb-2021-150x150.jpg",150,150,true],"medium":["http:\/\/thuvien360.com\/wp-content\/uploads\/2025\/06\/25-khac-biet-hay-la-chet-tb-2021-300x225.jpg",300,225,true],"medium_large":["http:\/\/thuvien360.com\/wp-content\/uploads\/2025\/06\/25-khac-biet-hay-la-chet-tb-2021-768x576.jpg",768,576,true],"large":["http:\/\/thuvien360.com\/wp-content\/uploads\/2025\/06\/25-khac-biet-hay-la-chet-tb-2021-1024x768.jpg",1020,765,true],"1536x1536":["http:\/\/thuvien360.com\/wp-content\/uploads\/2025\/06\/25-khac-biet-hay-la-chet-tb-2021.jpg",1200,900,false],"2048x2048":["http:\/\/thuvien360.com\/wp-content\/uploads\/2025\/06\/25-khac-biet-hay-la-chet-tb-2021.jpg",1200,900,false],"woocommerce_thumbnail":["http:\/\/thuvien360.com\/wp-content\/uploads\/2025\/06\/25-khac-biet-hay-la-chet-tb-2021-300x300.jpg",300,300,true],"woocommerce_single":["http:\/\/thuvien360.com\/wp-content\/uploads\/2025\/06\/25-khac-biet-hay-la-chet-tb-2021-600x450.jpg",600,450,true],"woocommerce_gallery_thumbnail":["http:\/\/thuvien360.com\/wp-content\/uploads\/2025\/06\/25-khac-biet-hay-la-chet-tb-2021-100x100.jpg",100,100,true]},"uagb_author_info":{"display_name":"admin","author_link":"http:\/\/thuvien360.com\/?author=0"},"uagb_comment_info":0,"uagb_excerpt":"T\u00e1c gi\u1ea3 : Jack Trout \u0110\u1ecbnh d\u1ea1ng : S\u00e1ch n\u00f3i DOWNLOAD H\u00e3y t\u00f9y t\u00e2m \u0111\u00f3ng g\u00f3p \u0111\u1ec3 ch\u00fang t\u00f4i c\u00f3 th\u1ec3 ti\u1ebfp t\u1ee5c duy tr\u00ec v\u00e0 ph\u00e1t tri\u1ec3n ho\u1ea1t \u0111\u1ed9ng \u00fd ngh\u0129a n\u00e0y.","_links":{"self":[{"href":"http:\/\/thuvien360.com\/index.php?rest_route=\/wp\/v2\/product\/323","targetHints":{"allow":["GET"]}}],"collection":[{"href":"http:\/\/thuvien360.com\/index.php?rest_route=\/wp\/v2\/product"}],"about":[{"href":"http:\/\/thuvien360.com\/index.php?rest_route=\/wp\/v2\/types\/product"}],"replies":[{"embeddable":true,"href":"http:\/\/thuvien360.com\/index.php?rest_route=%2Fwp%2Fv2%2Fcomments&post=323"}],"wp:featuredmedia":[{"embeddable":true,"href":"http:\/\/thuvien360.com\/index.php?rest_route=\/wp\/v2\/media\/407"}],"wp:attachment":[{"href":"http:\/\/thuvien360.com\/index.php?rest_route=%2Fwp%2Fv2%2Fmedia&parent=323"}],"wp:term":[{"taxonomy":"product_brand","embeddable":true,"href":"http:\/\/thuvien360.com\/index.php?rest_route=%2Fwp%2Fv2%2Fproduct_brand&post=323"},{"taxonomy":"product_cat","embeddable":true,"href":"http:\/\/thuvien360.com\/index.php?rest_route=%2Fwp%2Fv2%2Fproduct_cat&post=323"},{"taxonomy":"product_tag","embeddable":true,"href":"http:\/\/thuvien360.com\/index.php?rest_route=%2Fwp%2Fv2%2Fproduct_tag&post=323"}],"curies":[{"name":"wp","href":"https:\/\/api.w.org\/{rel}","templated":true}]}}