{"id":318,"date":"2025-06-13T04:10:54","date_gmt":"2025-06-13T04:10:54","guid":{"rendered":"https:\/\/thuvien360.com\/?post_type=product&#038;p=318"},"modified":"2025-07-04T02:08:59","modified_gmt":"2025-07-04T02:08:59","slug":"triet-giang-thuong-dao-audio","status":"publish","type":"product","link":"http:\/\/thuvien360.com\/?product=triet-giang-thuong-dao-audio","title":{"rendered":"&#8220;B\u00ed M\u1eadt B\u00e1n M\u1ecdi Th\u1ee9&#8221; \u2013 B\u00e1n h\u00e0ng m\u00e0 kh\u00f4ng c\u1ea7n &#8220;ch\u1ed1t&#8221;"},"content":{"rendered":"<h3 data-start=\"232\" data-end=\"293\"><strong data-start=\"236\" data-end=\"291\">&#8220;B\u00ed M\u1eadt B\u00e1n M\u1ecdi Th\u1ee9&#8221; \u2013 B\u00e1n h\u00e0ng m\u00e0 kh\u00f4ng c\u1ea7n &#8220;ch\u1ed1t&#8221;<\/strong><\/h3>\n<p data-start=\"294\" data-end=\"368\"><em data-start=\"294\" data-end=\"368\">T\u00e1c gi\u1ea3: Harry Browne \u2013 nh\u00e0 \u0111\u1ea7u t\u01b0, nh\u00e0 v\u0103n v\u00e0 chuy\u00ean gia t\u01b0 duy \u0111\u1ed9c l\u1eadp<\/em><\/p>\n<p data-start=\"370\" data-end=\"574\">Kh\u00f4ng chi\u00eau tr\u00f2. Kh\u00f4ng \u00e1p l\u1ef1c. Kh\u00f4ng \u201c\u0111\u1ea9y h\u00e0ng\u201d.<br data-start=\"418\" data-end=\"421\" \/><strong data-start=\"421\" data-end=\"437\">Harry Browne<\/strong> \u0111\u01b0a b\u1ea1n \u0111\u1ebfn v\u1edbi m\u1ed9t c\u00e1ch ti\u1ebfp c\u1eadn ho\u00e0n to\u00e0n kh\u00e1c bi\u1ec7t trong b\u00e1n h\u00e0ng \u2013 d\u1ef1a tr\u00ean <strong data-start=\"518\" data-end=\"574\">t\u00e2m l\u00fd con ng\u01b0\u1eddi, t\u1ef1 do l\u1ef1a ch\u1ecdn v\u00e0 gi\u00e1 tr\u1ecb th\u1ef1c s\u1ef1.<\/strong><\/p>\n<p data-start=\"576\" data-end=\"928\">Trong cu\u1ed1n s\u00e1ch n\u00e0y, b\u1ea1n s\u1ebd kh\u00e1m ph\u00e1:<br data-start=\"613\" data-end=\"616\" \/>\ud83d\udd39 T\u1ea1i sao h\u1ea7u h\u1ebft c\u00e1c k\u1ef9 thu\u1eadt b\u00e1n h\u00e0ng truy\u1ec1n th\u1ed1ng \u0111\u1ec1u ph\u1ea3n t\u00e1c d\u1ee5ng<br data-start=\"687\" data-end=\"690\" \/>\ud83d\udd39 C\u00e1ch hi\u1ec3u s\u00e2u s\u1eafc nhu c\u1ea7u th\u1ef1c s\u1ef1 c\u1ee7a kh\u00e1ch h\u00e0ng \u2013 thay v\u00ec c\u1ed1 g\u1eafng \u201cthuy\u1ebft ph\u1ee5c\u201d<br data-start=\"773\" data-end=\"776\" \/>\ud83d\udd39 L\u00e0m th\u1ebf n\u00e0o \u0111\u1ec3 b\u00e1n h\u00e0ng b\u1eb1ng <strong data-start=\"808\" data-end=\"848\">s\u1ef1 trung th\u1ef1c, t\u00f4n tr\u1ecdng v\u00e0 th\u1ea5u c\u1ea3m<\/strong><br data-start=\"848\" data-end=\"851\" \/>\ud83d\udd39 Nguy\u00ean t\u1eafc b\u00e1n h\u00e0ng ph\u00f9 h\u1ee3p v\u1edbi c\u1ea3 ng\u01b0\u1eddi h\u01b0\u1edbng n\u1ed9i \u2013 kh\u00f4ng c\u1ea7n kh\u00e9o \u0103n n\u00f3i<\/p>\n<p data-start=\"930\" data-end=\"1074\"><strong data-start=\"930\" data-end=\"954\">&#8220;B\u00ed M\u1eadt B\u00e1n M\u1ecdi Th\u1ee9&#8221;<\/strong> kh\u00f4ng ch\u1ec9 l\u00e0 s\u00e1ch b\u00e1n h\u00e0ng \u2013 m\u00e0 l\u00e0 m\u1ed9t c\u1ea9m nang v\u1ec1 <strong data-start=\"1006\" data-end=\"1074\">giao ti\u1ebfp, ph\u1ee5c v\u1ee5 v\u00e0 x\u00e2y d\u1ef1ng ni\u1ec1m tin b\u1ec1n v\u1eefng v\u1edbi kh\u00e1ch h\u00e0ng.<\/strong><\/p>\n","protected":false},"excerpt":{"rendered":"<p><strong>T\u00e1c gi\u1ea3<\/strong> : Harry Browne<\/p>\n<p><strong>\u0110\u1ecbnh d\u1ea1ng :<\/strong> S\u00e1ch n\u00f3i<\/p>\n<p><strong><a href=\"https:\/\/drive.usercontent.google.com\/download?id=18jAzIvTKSs9ZQLjLTYG9s-Pp5RORQm6y&amp;export=download&amp;authuser=0\">DOWNLOAD<\/a><br \/>\nH\u00e3y t\u00f9y t\u00e2m \u0111\u00f3ng g\u00f3p \u0111\u1ec3 ch\u00fang t\u00f4i c\u00f3 th\u1ec3 ti\u1ebfp t\u1ee5c duy tr\u00ec v\u00e0 ph\u00e1t tri\u1ec3n ho\u1ea1t \u0111\u1ed9ng \u00fd ngh\u0129a n\u00e0y.<\/strong><\/p>\n<p><img decoding=\"async\" src=\"http:\/\/thuvien360.com\/wp-content\/uploads\/2025\/06\/QR-HUNG.jpg\" \/><\/p>\n","protected":false},"featured_media":410,"comment_status":"open","ping_status":"closed","template":"","meta":{"_uag_custom_page_level_css":""},"product_brand":[],"product_cat":[34,36,38],"product_tag":[],"class_list":{"0":"post-318","1":"product","2":"type-product","3":"status-publish","4":"has-post-thumbnail","6":"product_cat-baihoc-kinhdoanh","7":"product_cat-day-lam-giau","8":"product_cat-ky-nang-ban-hang","10":"first","11":"instock","12":"downloadable","13":"virtual","14":"sold-individually","15":"product-type-simple"},"uagb_featured_image_src":{"full":["http:\/\/thuvien360.com\/wp-content\/uploads\/2025\/06\/27-Bi-mat-ban-moi-thu-54.jpg",1200,900,false],"thumbnail":["http:\/\/thuvien360.com\/wp-content\/uploads\/2025\/06\/27-Bi-mat-ban-moi-thu-54-150x150.jpg",150,150,true],"medium":["http:\/\/thuvien360.com\/wp-content\/uploads\/2025\/06\/27-Bi-mat-ban-moi-thu-54-300x225.jpg",300,225,true],"medium_large":["http:\/\/thuvien360.com\/wp-content\/uploads\/2025\/06\/27-Bi-mat-ban-moi-thu-54-768x576.jpg",768,576,true],"large":["http:\/\/thuvien360.com\/wp-content\/uploads\/2025\/06\/27-Bi-mat-ban-moi-thu-54-1024x768.jpg",1020,765,true],"1536x1536":["http:\/\/thuvien360.com\/wp-content\/uploads\/2025\/06\/27-Bi-mat-ban-moi-thu-54.jpg",1200,900,false],"2048x2048":["http:\/\/thuvien360.com\/wp-content\/uploads\/2025\/06\/27-Bi-mat-ban-moi-thu-54.jpg",1200,900,false],"woocommerce_thumbnail":["http:\/\/thuvien360.com\/wp-content\/uploads\/2025\/06\/27-Bi-mat-ban-moi-thu-54-300x300.jpg",300,300,true],"woocommerce_single":["http:\/\/thuvien360.com\/wp-content\/uploads\/2025\/06\/27-Bi-mat-ban-moi-thu-54-600x450.jpg",600,450,true],"woocommerce_gallery_thumbnail":["http:\/\/thuvien360.com\/wp-content\/uploads\/2025\/06\/27-Bi-mat-ban-moi-thu-54-100x100.jpg",100,100,true]},"uagb_author_info":{"display_name":"admin","author_link":"http:\/\/thuvien360.com\/?author=0"},"uagb_comment_info":0,"uagb_excerpt":"T\u00e1c gi\u1ea3 : Harry Browne \u0110\u1ecbnh d\u1ea1ng : S\u00e1ch n\u00f3i DOWNLOAD H\u00e3y t\u00f9y t\u00e2m \u0111\u00f3ng g\u00f3p \u0111\u1ec3 ch\u00fang t\u00f4i c\u00f3 th\u1ec3 ti\u1ebfp t\u1ee5c duy tr\u00ec v\u00e0 ph\u00e1t tri\u1ec3n ho\u1ea1t \u0111\u1ed9ng \u00fd ngh\u0129a n\u00e0y.","_links":{"self":[{"href":"http:\/\/thuvien360.com\/index.php?rest_route=\/wp\/v2\/product\/318","targetHints":{"allow":["GET"]}}],"collection":[{"href":"http:\/\/thuvien360.com\/index.php?rest_route=\/wp\/v2\/product"}],"about":[{"href":"http:\/\/thuvien360.com\/index.php?rest_route=\/wp\/v2\/types\/product"}],"replies":[{"embeddable":true,"href":"http:\/\/thuvien360.com\/index.php?rest_route=%2Fwp%2Fv2%2Fcomments&post=318"}],"wp:featuredmedia":[{"embeddable":true,"href":"http:\/\/thuvien360.com\/index.php?rest_route=\/wp\/v2\/media\/410"}],"wp:attachment":[{"href":"http:\/\/thuvien360.com\/index.php?rest_route=%2Fwp%2Fv2%2Fmedia&parent=318"}],"wp:term":[{"taxonomy":"product_brand","embeddable":true,"href":"http:\/\/thuvien360.com\/index.php?rest_route=%2Fwp%2Fv2%2Fproduct_brand&post=318"},{"taxonomy":"product_cat","embeddable":true,"href":"http:\/\/thuvien360.com\/index.php?rest_route=%2Fwp%2Fv2%2Fproduct_cat&post=318"},{"taxonomy":"product_tag","embeddable":true,"href":"http:\/\/thuvien360.com\/index.php?rest_route=%2Fwp%2Fv2%2Fproduct_tag&post=318"}],"curies":[{"name":"wp","href":"https:\/\/api.w.org\/{rel}","templated":true}]}}