{"id":203,"date":"2024-03-02T12:56:52","date_gmt":"2024-03-02T12:56:52","guid":{"rendered":"http:\/\/wp.wordpress2024.com\/?post_type=product&#038;p=203"},"modified":"2025-07-04T02:08:53","modified_gmt":"2025-07-04T02:08:53","slug":"chanh-day-do-uc","status":"publish","type":"product","link":"http:\/\/thuvien360.com\/?product=chanh-day-do-uc","title":{"rendered":"&#8220;Th\u00f4i Mi\u00ean B\u1eb1ng Ng\u00f4n T\u1eeb&#8221; \u2013 Vi\u1ebft \u0111\u1ec3 ng\u01b0\u1eddi \u0111\u1ecdc kh\u00f4ng th\u1ec3 r\u1eddi m\u1eaft"},"content":{"rendered":"<h3 data-start=\"200\" data-end=\"272\"><strong data-start=\"204\" data-end=\"270\">&#8220;Th\u00f4i Mi\u00ean B\u1eb1ng Ng\u00f4n T\u1eeb&#8221; \u2013 Vi\u1ebft \u0111\u1ec3 ng\u01b0\u1eddi \u0111\u1ecdc kh\u00f4ng th\u1ec3 r\u1eddi m\u1eaft<\/strong><\/h3>\n<p data-start=\"273\" data-end=\"374\"><em data-start=\"273\" data-end=\"374\">T\u00e1c gi\u1ea3: Joe Vitale \u2013 b\u1eadc th\u1ea7y marketing, copywriter v\u00e0 di\u1ec5n gi\u1ea3 truy\u1ec1n c\u1ea3m h\u1ee9ng n\u1ed5i ti\u1ebfng th\u1ebf gi\u1edbi<\/em><\/p>\n<p data-start=\"376\" data-end=\"630\"><strong data-start=\"376\" data-end=\"505\">Vi\u1ebft ra nh\u1eefng l\u1eddi c\u00f3 th\u1ec3 b\u00e1n h\u00e0ng. Vi\u1ebft ra nh\u1eefng c\u00e2u c\u00f3 th\u1ec3 thay \u0111\u1ed5i suy ngh\u0129. Vi\u1ebft ra nh\u1eefng \u0111o\u1ea1n khi\u1ebfn ng\u01b0\u1eddi kh\u00e1c h\u00e0nh \u0111\u1ed9ng.<\/strong><br data-start=\"505\" data-end=\"508\" \/>\u0110\u00f3 l\u00e0 s\u1ee9c m\u1ea1nh c\u1ee7a <strong data-start=\"527\" data-end=\"548\">ng\u00f4n t\u1eeb th\u00f4i mi\u00ean<\/strong>, v\u00e0 cu\u1ed1n s\u00e1ch n\u00e0y s\u1ebd d\u1ea1y b\u1ea1n c\u00e1ch s\u1eed d\u1ee5ng n\u00f3 m\u1ed9t c\u00e1ch \u0111\u1ea7y chi\u1ebfn l\u01b0\u1ee3c v\u00e0 hi\u1ec7u qu\u1ea3.<\/p>\n<p data-start=\"632\" data-end=\"1002\">B\u00ean trong cu\u1ed1n s\u00e1ch, b\u1ea1n s\u1ebd kh\u00e1m ph\u00e1:<br data-start=\"669\" data-end=\"672\" \/>\ud83d\udd39 Nh\u1eefng b\u00ed quy\u1ebft vi\u1ebft l\u00f4i cu\u1ed1n nh\u01b0\u2026 th\u00f4i mi\u00ean t\u00e2m tr\u00ed ng\u01b0\u1eddi \u0111\u1ecdc<br data-start=\"736\" data-end=\"739\" \/>\ud83d\udd39 27 c\u00f4ng c\u1ee5 c\u1ee5 th\u1ec3 \u0111\u1ec3 t\u0103ng s\u1ee9c h\u00fat trong t\u1eebng d\u00f2ng ch\u1eef b\u1ea1n vi\u1ebft<br data-start=\"804\" data-end=\"807\" \/>\ud83d\udd39 C\u00e1ch d\u00f9ng t\u1eeb ng\u1eef k\u00edch ho\u1ea1t c\u1ea3m x\u00fac, x\u00e2y d\u1ef1ng l\u00f2ng tin v\u00e0 <strong data-start=\"867\" data-end=\"889\">th\u00fac \u0111\u1ea9y h\u00e0nh \u0111\u1ed9ng<\/strong><br data-start=\"889\" data-end=\"892\" \/>\ud83d\udd39 Ph\u00f9 h\u1ee3p cho vi\u1ebft b\u00e0i b\u00e1n h\u00e0ng, email marketing, content online, qu\u1ea3ng c\u00e1o, th\u01b0 ch\u00e0o h\u00e0ng, k\u1ecbch b\u1ea3n video&#8230;<\/p>\n<p data-start=\"1004\" data-end=\"1191\"><strong data-start=\"1004\" data-end=\"1032\">&#8220;Th\u00f4i Mi\u00ean B\u1eb1ng Ng\u00f4n T\u1eeb&#8221;<\/strong> kh\u00f4ng ch\u1ec9 l\u00e0 s\u00e1ch d\u00e0nh cho copywriter \u2013 m\u00e0 cho b\u1ea5t k\u1ef3 ai mu\u1ed1n bi\u1ebfn ng\u00f4n t\u1eeb th\u00e0nh c\u00f4ng c\u1ee5 m\u1ea1nh m\u1ebd \u0111\u1ec3 <strong data-start=\"1133\" data-end=\"1191\">giao ti\u1ebfp, b\u00e1n h\u00e0ng, g\u00e2y \u1ea3nh h\u01b0\u1edfng v\u00e0 truy\u1ec1n c\u1ea3m h\u1ee9ng.<\/strong><\/p>\n","protected":false},"excerpt":{"rendered":"<p><strong>T\u00e1c gi\u1ea3 :<\/strong> Joe Vitale<\/p>\n<p><strong>\u0110\u1ecbnh d\u1ea1ng :<\/strong> S\u00e1ch n\u00f3i<\/p>\n<p><strong><a href=\"https:\/\/drive.usercontent.google.com\/download?id=18jAzIvTKSs9ZQLjLTYG9s-Pp5RORQm6y&amp;export=download&amp;authuser=0\">DOWNLOAD<\/a><br \/>\nH\u00e3y t\u00f9y t\u00e2m \u0111\u00f3ng g\u00f3p \u0111\u1ec3 ch\u00fang t\u00f4i c\u00f3 th\u1ec3 ti\u1ebfp t\u1ee5c duy tr\u00ec v\u00e0 ph\u00e1t tri\u1ec3n ho\u1ea1t \u0111\u1ed9ng \u00fd ngh\u0129a n\u00e0y.<\/strong><\/p>\n<p><img decoding=\"async\" src=\"http:\/\/thuvien360.com\/wp-content\/uploads\/2025\/06\/QR-HUNG.jpg\" \/><\/p>\n<p>&nbsp;<\/p>\n","protected":false},"featured_media":412,"comment_status":"open","ping_status":"closed","template":"","meta":{"_uag_custom_page_level_css":""},"product_brand":[],"product_cat":[34,36,38],"product_tag":[],"class_list":{"0":"post-203","1":"product","2":"type-product","3":"status-publish","4":"has-post-thumbnail","6":"product_cat-baihoc-kinhdoanh","7":"product_cat-day-lam-giau","8":"product_cat-ky-nang-ban-hang","10":"first","11":"instock","12":"downloadable","13":"virtual","14":"sold-individually","15":"product-type-simple"},"uagb_featured_image_src":{"full":["http:\/\/thuvien360.com\/wp-content\/uploads\/2024\/03\/28-thoi-mien-bang-ngon-tu-1.jpg",1200,900,false],"thumbnail":["http:\/\/thuvien360.com\/wp-content\/uploads\/2024\/03\/28-thoi-mien-bang-ngon-tu-1-150x150.jpg",150,150,true],"medium":["http:\/\/thuvien360.com\/wp-content\/uploads\/2024\/03\/28-thoi-mien-bang-ngon-tu-1-300x225.jpg",300,225,true],"medium_large":["http:\/\/thuvien360.com\/wp-content\/uploads\/2024\/03\/28-thoi-mien-bang-ngon-tu-1-768x576.jpg",768,576,true],"large":["http:\/\/thuvien360.com\/wp-content\/uploads\/2024\/03\/28-thoi-mien-bang-ngon-tu-1-1024x768.jpg",1020,765,true],"1536x1536":["http:\/\/thuvien360.com\/wp-content\/uploads\/2024\/03\/28-thoi-mien-bang-ngon-tu-1.jpg",1200,900,false],"2048x2048":["http:\/\/thuvien360.com\/wp-content\/uploads\/2024\/03\/28-thoi-mien-bang-ngon-tu-1.jpg",1200,900,false],"woocommerce_thumbnail":["http:\/\/thuvien360.com\/wp-content\/uploads\/2024\/03\/28-thoi-mien-bang-ngon-tu-1-300x300.jpg",300,300,true],"woocommerce_single":["http:\/\/thuvien360.com\/wp-content\/uploads\/2024\/03\/28-thoi-mien-bang-ngon-tu-1-600x450.jpg",600,450,true],"woocommerce_gallery_thumbnail":["http:\/\/thuvien360.com\/wp-content\/uploads\/2024\/03\/28-thoi-mien-bang-ngon-tu-1-100x100.jpg",100,100,true]},"uagb_author_info":{"display_name":"admin","author_link":"http:\/\/thuvien360.com\/?author=0"},"uagb_comment_info":0,"uagb_excerpt":"T\u00e1c gi\u1ea3 : Joe Vitale \u0110\u1ecbnh d\u1ea1ng : S\u00e1ch n\u00f3i DOWNLOAD H\u00e3y t\u00f9y t\u00e2m \u0111\u00f3ng g\u00f3p \u0111\u1ec3 ch\u00fang t\u00f4i c\u00f3 th\u1ec3 ti\u1ebfp t\u1ee5c duy tr\u00ec v\u00e0 ph\u00e1t tri\u1ec3n ho\u1ea1t \u0111\u1ed9ng \u00fd ngh\u0129a n\u00e0y. &nbsp;","_links":{"self":[{"href":"http:\/\/thuvien360.com\/index.php?rest_route=\/wp\/v2\/product\/203","targetHints":{"allow":["GET"]}}],"collection":[{"href":"http:\/\/thuvien360.com\/index.php?rest_route=\/wp\/v2\/product"}],"about":[{"href":"http:\/\/thuvien360.com\/index.php?rest_route=\/wp\/v2\/types\/product"}],"replies":[{"embeddable":true,"href":"http:\/\/thuvien360.com\/index.php?rest_route=%2Fwp%2Fv2%2Fcomments&post=203"}],"wp:featuredmedia":[{"embeddable":true,"href":"http:\/\/thuvien360.com\/index.php?rest_route=\/wp\/v2\/media\/412"}],"wp:attachment":[{"href":"http:\/\/thuvien360.com\/index.php?rest_route=%2Fwp%2Fv2%2Fmedia&parent=203"}],"wp:term":[{"taxonomy":"product_brand","embeddable":true,"href":"http:\/\/thuvien360.com\/index.php?rest_route=%2Fwp%2Fv2%2Fproduct_brand&post=203"},{"taxonomy":"product_cat","embeddable":true,"href":"http:\/\/thuvien360.com\/index.php?rest_route=%2Fwp%2Fv2%2Fproduct_cat&post=203"},{"taxonomy":"product_tag","embeddable":true,"href":"http:\/\/thuvien360.com\/index.php?rest_route=%2Fwp%2Fv2%2Fproduct_tag&post=203"}],"curies":[{"name":"wp","href":"https:\/\/api.w.org\/{rel}","templated":true}]}}