{"id":202,"date":"2024-03-02T12:56:29","date_gmt":"2024-03-02T12:56:29","guid":{"rendered":"http:\/\/wp.wordpress2024.com\/?post_type=product&#038;p=202"},"modified":"2025-07-04T02:08:15","modified_gmt":"2025-07-04T02:08:15","slug":"dua-leo-da-lat","status":"publish","type":"product","link":"http:\/\/thuvien360.com\/?product=dua-leo-da-lat","title":{"rendered":"TI\u1ec0N \u0110\u1eba RA TI\u1ec0N"},"content":{"rendered":"<p>TI\u1ec0N \u0110\u1eba RA TI\u1ec0N: \u0110\u1ea7u t\u01b0 t\u00e0i ch\u00ednh th\u00f4ng minh &#8211; B\u00ed quy\u1ebft th\u00e0nh c\u00f4ng c\u1ee7a tri\u1ec7u ph\u00fa Anh<\/p>\n<p>Trong cu\u1ed9c s\u1ed1ng \u1edf th\u1ebf k\u1ec9 XXI, ti\u1ec1n l\u00e0 m\u1ed9t th\u1ee9 qu\u00e1 quan tr\u1ecdng, qu\u00e1 thi\u1ebft y\u1ebfu \u0111\u1ebfn m\u1ee9c kh\u00f4ng th\u1ec3 c\u1ee9 m\u1eb7c c\u00e1c chuy\u00ean gia gi\u1ea3i quy\u1ebft. V\u00e0 ch\u00fang ta lu\u00f4n theo \u0111u\u1ed5i con \u0111\u01b0\u1eddng l\u00e0m gi\u00e0u v\u1edbi \u01b0\u1edbc mu\u1ed1n m\u1ed9t ng\u00e0y n\u00e0o \u0111\u00f3 c\u00f3 th\u1ec3 t\u1eadn h\u01b0\u1edfng cu\u1ed9c s\u1ed1ng m\u1ed9t c\u00e1ch tho\u1ea3i m\u00e1i nh\u1ea5t c\u00f3 th\u1ec3, nh\u01b0ng gi\u00e0u bao nhi\u00eau l\u00e0 &#8220;\u0111\u1ee7&#8221;?, \u201cL\u00e0m sao \u0111\u1ec3 Ti\u1ec1n \u0111\u1ebb ra ti\u1ec1n?\u201d v\u00e0 \u201cL\u00e0m c\u00e1ch n\u00e0o \u0111\u1ec3 chi ti\u00eau m\u1ed9t c\u00e1ch th\u00f4ng minh?\u201d lu\u00f4n l\u00e0 c\u00e2u h\u1ecfi m\u00e0 ch\u1eafc h\u1eb3n ai trong ch\u00fang ta c\u0169ng \u0111ang t\u1eebng ng\u00e0y h\u1ecfi ch\u00ednh b\u1ea3n th\u00e2n m\u00ecnh.<\/p>\n<p>Sau s\u1ef1 th\u00e0nh c\u00f4ng c\u1ee7a hai cu\u1ed1n s\u00e1ch \u201cTh\u1ee9c t\u1ec9nh v\u00e0 thay \u0111\u1ed5i cu\u1ed9c \u0111\u1eddi b\u1ea1n: B\u00ed quy\u1ebft th\u00e0nh c\u00f4ng c\u1ee7a tri\u1ec7u ph\u00fa Anh\u201d v\u00e0 \u201cQu\u1ea3n l\u00fd th\u1eddi gian th\u00f4ng minh c\u1ee7a ng\u01b0\u1eddi th\u00e0nh \u0111\u1ea1t: B\u00ed quy\u1ebft th\u00e0nh c\u00f4ng c\u1ee7a tri\u1ec7u ph\u00fa Anh\u201d l\u00e0 nh\u1eefng c\u00e2u chuy\u1ec7n, nh\u1eefng l\u1eddi khuy\u00ean d\u1ef1a tr\u00ean nh\u1eefng kinh nghi\u1ec7m phong ph\u00fa c\u1ee7a cu\u1ed9c \u0111\u1eddi m\u00ecnh v\u00e0 nh\u1eb1m m\u1ee5c \u0111\u00edch truy\u1ec1n c\u1ea3m h\u1ee9ng \u0111\u1ed9ng l\u1ef1c l\u00e0m gi\u00e0u cho m\u1ecdi c\u00f4ng d\u00e2n \u0111\u1ec1u c\u00f3 th\u1ec3 tr\u1edf th\u00e0nh tri\u1ec7u ph\u00fa, th\u00ec tri\u1ec7u ph\u00fa ng\u01b0\u1eddi Anh v\u00e0 t\u00e1c gi\u1ea3 c\u1ee7a nhi\u1ec1u \u0111\u1ea7u s\u00e1ch n\u1ed5i ti\u1ebfng Duncan Bannatyne \u0111\u00e3 cho ra m\u1eaft cu\u1ed1n s\u00e1ch \u201c Ti\u1ec1n \u0110\u1ebb Ra Ti\u1ec1n &#8211; \u0110\u1ea7u T\u01b0 T\u00e0i Ch\u00ednh Th\u00f4ng Minh\u201d.<\/p>\n<p>C\u00f3 \u0111i\u1ec1u g\u00ec \u0111\u1eb7c bi\u1ec7t \u1edf cu\u1ed1n s\u00e1ch \u201c Ti\u1ec1n \u0110\u1ebb Ra Ti\u1ec1n\u201d?<\/p>\n<p>\u0110i\u1ec1u \u0111\u1eb7c bi\u1ec7t so v\u1edbi nh\u1eefng cu\u1ed1n s\u00e1ch kh\u00e1c \u00f4ng t\u1eebng vi\u1ebft tr\u01b0\u1edbc \u0111\u00e2y, \u0111\u00f3 l\u00e0 cu\u1ed1n s\u00e1ch n\u00e0y kh\u00f4ng n\u00f3i v\u1ec1 chuy\u1ec7n l\u00e0m gi\u00e0u, c\u0169ng l\u00e0 m\u1ed9t ph\u1ea7n trong chu\u1ed7i c\u00e2u chuy\u1ec7n \u201cB\u00ed quy\u1ebft th\u00e0nh c\u00f4ng c\u1ee7a tri\u1ec7u ph\u00fa Anh\u201d nh\u01b0ng n\u00f3 b\u00e0n \u0111\u1ebfn vi\u1ec7c ki\u1ec3m so\u00e1t ti\u1ec1n b\u1ea1c. \u0110\u1ebfn v\u1edbi cu\u1ed1i cu\u1ed1n s\u00e1ch, b\u1ea1n s\u1ebd c\u00f3 s\u1ef1 t\u1ef1 tin \u0111\u1ec3 \u0111\u01b0a ra nh\u1eefng quy\u1ebft \u0111\u1ecbnh \u0111\u00fang \u0111\u1eafn cho b\u1ea3n th\u00e2n m\u00ecnh v\u00e0 nh\u1eefng k\u1ef9 n\u0103ng \u0111\u1ec3 khi\u1ebfn \u0111\u1ed3ng ti\u1ec1n c\u1ee7a m\u00ecnh \u0111i xa h\u01a1n, c\u00f3 hi\u1ec7u qu\u1ea3 d\u00f9 n\u1ec1n kinh t\u1ebf c\u00f3 ra sao \u0111i ch\u0103ng n\u1eefa.<\/p>\n<p>N\u00f3 s\u1ebd b\u00e0n t\u1edbi nh\u1eefng kh\u00eda c\u1ea1nh, nh\u1eefng th\u00e0nh t\u1ed1 c\u1ed1t y\u1ebfu c\u1ee7a t\u00e0i ch\u00ednh v\u00e0 m\u1ed1i quan h\u1ec7 c\u1ed1t l\u00f5i c\u1ee7a b\u1ea1n v\u1edbi \u0111\u1ed3ng ti\u1ec1n. N\u1ebfu b\u1ea1n kh\u00f4ng suy ngh\u0129 theo m\u1ed9t c\u00e1ch c\u00f3 chi\u1ebfn l\u01b0\u1ee3c v\u1ec1 ti\u1ec1n b\u1ea1c, b\u1ea1n s\u1ebd kh\u00f4ng th\u1ec3 l\u00e0m b\u1ea5t c\u1ee9 th\u1ee9 g\u00ec c\u00f3 t\u00ednh chi\u1ebfn l\u01b0\u1ee3c v\u1edbi ti\u1ec1n b\u1ea1c &#8211; th\u1ee9 c\u1ee9 th\u1ebf tr\u00f4i tu\u1ed9t ra kh\u1ecfi t\u00e0i kho\u1ea3n ng\u00e2n h\u00e0ng v\u00e0 v\u00ed c\u1ee7a b\u1ea1n. N\u1ed9i dung c\u1ee7a cu\u1ed1n s\u00e1ch s\u1ebd l\u00e0 nh\u1eefng l\u1eddi khuy\u00ean theo m\u1ed9t k\u1ebf ho\u1ea1ch c\u1ee5 th\u1ec3 c\u1ee7a Duncan m\u00e0 b\u1ea1n c\u00f3 th\u1ec3 \u00e1p d\u1ee5ng ngay \u0111\u01b0\u1ee3c \u0111\u1ec3 c\u00f3 th\u1ec3 gi\u00fap b\u1ea1n qu\u1ea3n l\u00fd chi ti\u00eau m\u1ed9t c\u00e1ch t\u1ed1i \u01b0u nh\u1ea5t, khi\u1ebfn \u201cTi\u1ec1n \u0111\u1ebb ra ti\u1ec1n\u201d v\u00e0 gi\u00fap b\u1ea1n \u0111\u1ea7u t\u01b0 t\u00e0i ch\u00ednh m\u1ed9t c\u00e1ch th\u00f4ng minh. C\u1ee5 th\u1ec3, cu\u1ed1n s\u00e1ch \u0111\u01b0\u1ee3c chia th\u00e0nh 6 ph\u1ea7n:<\/p>\n<p>Ph\u1ea7n 01: L\u00fd thuy\u1ebft ti\u1ec1n t\u1ec7<\/p>\n<p>Ph\u1ea7n 02: Ki\u1ebfm ti\u1ec1n nhi\u1ec1u h\u01a1n<\/p>\n<p>Ph\u1ea7n 03: Chi ti\u00eau<\/p>\n<p>Ph\u1ea7n 04: Vay m\u01b0\u1ee3n<\/p>\n<p>Ph\u1ea7n 05: Ti\u1ebft ki\u1ec7m v\u00e0 \u0111\u1ea7u t\u01b0<\/p>\n<p>Ph\u00e0n 06: K\u1ebf ho\u1ea1ch<\/p>\n<p>Cu\u1ed1n s\u00e1ch n\u00e0y d\u00e0nh cho nh\u1eefng ai?<\/p>\n<p>C\u00e2u tr\u1ea3 l\u1eddi ch\u00ednh l\u00e0 d\u00e0nh cho t\u1ea5t c\u1ea3 m\u1ecdi ng\u01b0\u1eddi. D\u00f9 b\u1ea1n c\u00f3 ti\u1ec1n g\u1eedi ng\u00e2n h\u00e0ng hay kh\u00f4ng, b\u1ea1n m\u01b0\u1eddi t\u00e1m hay t\u00e1m m\u01b0\u01a1i tu\u1ed5i, l\u00e0m ch\u1ee7, th\u1ea5t nghi\u1ec7p hay l\u00e0m gi\u1edd h\u00e0nh ch\u00ednh, nh\u1eefng nguy\u00ean t\u1eafc \u0111\u1ec3 th\u00f4ng minh trong chuy\u1ec7n ti\u1ec1n b\u1ea1c c\u0169ng v\u1eabn \u0111\u01b0\u1ee3c gi\u1eef nguy\u00ean. Th\u1ebf n\u00ean n\u1ebfu b\u1ea1n mu\u1ed1n t\u1ed1i \u01b0u h\u00f3a nh\u1eefng g\u00ec b\u1ea1n ki\u1ebfm \u0111\u01b0\u1ee3c th\u00ec \u0111\u00e2y ch\u00ednh l\u00e0 cu\u1ed1n s\u00e1ch d\u00e0nh cho b\u1ea1n.<\/p>\n<p>M\u1ed7i ch\u00fang ta c\u1ea7n c\u00f3 tr\u00e1ch nhi\u1ec7m v\u1edbi nh\u1eefng l\u1ef1a ch\u1ecdn t\u00e0i ch\u00ednh c\u1ee7a m\u00ecnh b\u1edfi \u201cC\u00e1i l\u00e0m cho b\u1ea1n gi\u00e0u c\u00f3 kh\u00f4ng ph\u1ea3i l\u00e0 l\u01b0\u01a1ng b\u1ed5ng, m\u00e0 \u0111\u00f3 l\u00e0 th\u00f3i quen ti\u00eau pha c\u1ee7a b\u1ea1n\u201d v\u00e0 hy v\u1ecdng cu\u1ed1n s\u00e1ch s\u1ebd ti\u1ebfp th\u00eam cho b\u1ea1n s\u1ef1 t\u1ef1 tin \u0111\u1ec3 ki\u1ec3m so\u00e1t nh\u1eefng v\u1ea5n \u0111\u1ec1 t\u00e0i ch\u00ednh c\u1ee7a m\u00ecnh.<\/p>\n<p>\u0110\u1ed1i v\u1edbi cu\u1ed1n s\u00e1ch n\u00e0y, B\u1ea1n s\u1ebd kh\u00f4ng ph\u1ea3i \u0111\u1ecdc cu\u1ed1n s\u00e1ch theo tr\u00ecnh t\u1ef1 c\u1ee7a n\u00f3. V\u00ed d\u1ee5, n\u1ebfu b\u1ea1n mu\u1ed1n b\u1eaft \u0111\u1ea7u v\u1edbi ph\u1ea7n ti\u1ebft ki\u1ec7m th\u00ec c\u1ee9 \u0111\u1ecdc n\u00f3 tr\u01b0\u1edbc. Th\u1eadm ch\u00ed c\u00f3 th\u1ec3 c\u00f3 m\u1ed9t s\u1ed1 l\u00ed thuy\u1ebft trong Ph\u1ea7n M\u1ed9t s\u1ebd ng\u1ea5m s\u00e2u h\u01a1n m\u1ed9t ch\u00fat khi b\u1ea1n \u0111\u1ecdc nh\u1eefng v\u00ed d\u1ee5 th\u1ef1c t\u1ebf \u1edf Ph\u1ea7n Hai. Nh\u01b0ng \u201cT\u00f4i hi v\u1ecdng, r\u1eb1ng d\u00f9 b\u1ea1n \u0111\u1ecdc cu\u1ed1n n\u00e0y theo th\u1ee9 t\u1ef1 n\u00e0o, khi b\u1ea1n xem x\u00e9t n\u00f3 m\u1ed9t c\u00e1ch t\u1ed5ng th\u1ec3, n\u00f3 s\u1ebd t\u1ea1o th\u00e0nh m\u1ed9t c\u1ea9m nang ho\u00e0n thi\u1ec7n \u0111\u1ec3 gi\u00fap b\u1ea1n hi\u1ec3u v\u1ec1 ti\u1ec1n, h\u1ed7 tr\u1ee3 b\u1ea1n ch\u1ecbu tr\u00e1ch nhi\u1ec7m v\u1ec1 nh\u1eefng l\u1ef1a ch\u1ecdn t\u00e0i ch\u00ednh c\u1ee7a b\u1ea3n th\u00e2n v\u00e0 cu\u1ed1i c\u00f9ng l\u00e0 khi\u1ebfn b\u1ea1n gi\u00e0u c\u00f3 h\u01a1n.\u201d &#8211; Duncan Bannatyne.<\/p>\n","protected":false},"excerpt":{"rendered":"<p>T\u00e1c gi\u1ea3 : Duncan Bannatyne<\/p>\n<p>\u0110\u1ecbnh d\u1ea1ng : S\u00e1ch n\u00f3i<\/p>\n<p><strong><a href=\"https:\/\/drive.usercontent.google.com\/download?id=1t7vdUM9H7cOBtnmITWGx5-JKGHcFVx3_&amp;export=download&amp;authuser=0\">DOWNLOAD<\/a><br \/>\nH\u00e3y t\u00f9y t\u00e2m \u0111\u00f3ng g\u00f3p \u0111\u1ec3 ch\u00fang t\u00f4i c\u00f3 th\u1ec3 ti\u1ebfp t\u1ee5c duy tr\u00ec v\u00e0 ph\u00e1t tri\u1ec3n ho\u1ea1t \u0111\u1ed9ng \u00fd ngh\u0129a n\u00e0y.<\/strong><\/p>\n<p><img decoding=\"async\" src=\"http:\/\/thuvien360.com\/wp-content\/uploads\/2025\/06\/QR-HUNG.jpg\" \/><\/p>\n","protected":false},"featured_media":351,"comment_status":"open","ping_status":"closed","template":"","meta":{"_uag_custom_page_level_css":""},"product_brand":[],"product_cat":[20,34],"product_tag":[],"class_list":{"0":"post-202","1":"product","2":"type-product","3":"status-publish","4":"has-post-thumbnail","6":"product_cat-kinhte-khoinghiep","7":"product_cat-baihoc-kinhdoanh","9":"first","10":"instock","11":"downloadable","12":"virtual","13":"sold-individually","14":"product-type-simple"},"uagb_featured_image_src":{"full":["http:\/\/thuvien360.com\/wp-content\/uploads\/2024\/03\/01-tien-de-ra-tien-5.jpg",1200,900,false],"thumbnail":["http:\/\/thuvien360.com\/wp-content\/uploads\/2024\/03\/01-tien-de-ra-tien-5-150x150.jpg",150,150,true],"medium":["http:\/\/thuvien360.com\/wp-content\/uploads\/2024\/03\/01-tien-de-ra-tien-5-300x225.jpg",300,225,true],"medium_large":["http:\/\/thuvien360.com\/wp-content\/uploads\/2024\/03\/01-tien-de-ra-tien-5-768x576.jpg",768,576,true],"large":["http:\/\/thuvien360.com\/wp-content\/uploads\/2024\/03\/01-tien-de-ra-tien-5-1024x768.jpg",1020,765,true],"1536x1536":["http:\/\/thuvien360.com\/wp-content\/uploads\/2024\/03\/01-tien-de-ra-tien-5.jpg",1200,900,false],"2048x2048":["http:\/\/thuvien360.com\/wp-content\/uploads\/2024\/03\/01-tien-de-ra-tien-5.jpg",1200,900,false],"woocommerce_thumbnail":["http:\/\/thuvien360.com\/wp-content\/uploads\/2024\/03\/01-tien-de-ra-tien-5-300x300.jpg",300,300,true],"woocommerce_single":["http:\/\/thuvien360.com\/wp-content\/uploads\/2024\/03\/01-tien-de-ra-tien-5-600x450.jpg",600,450,true],"woocommerce_gallery_thumbnail":["http:\/\/thuvien360.com\/wp-content\/uploads\/2024\/03\/01-tien-de-ra-tien-5-100x100.jpg",100,100,true]},"uagb_author_info":{"display_name":"admin","author_link":"http:\/\/thuvien360.com\/?author=0"},"uagb_comment_info":0,"uagb_excerpt":"T\u00e1c gi\u1ea3 : Duncan Bannatyne \u0110\u1ecbnh d\u1ea1ng : S\u00e1ch n\u00f3i DOWNLOAD H\u00e3y t\u00f9y t\u00e2m \u0111\u00f3ng g\u00f3p \u0111\u1ec3 ch\u00fang t\u00f4i c\u00f3 th\u1ec3 ti\u1ebfp t\u1ee5c duy tr\u00ec v\u00e0 ph\u00e1t tri\u1ec3n ho\u1ea1t \u0111\u1ed9ng \u00fd ngh\u0129a n\u00e0y.","_links":{"self":[{"href":"http:\/\/thuvien360.com\/index.php?rest_route=\/wp\/v2\/product\/202","targetHints":{"allow":["GET"]}}],"collection":[{"href":"http:\/\/thuvien360.com\/index.php?rest_route=\/wp\/v2\/product"}],"about":[{"href":"http:\/\/thuvien360.com\/index.php?rest_route=\/wp\/v2\/types\/product"}],"replies":[{"embeddable":true,"href":"http:\/\/thuvien360.com\/index.php?rest_route=%2Fwp%2Fv2%2Fcomments&post=202"}],"wp:featuredmedia":[{"embeddable":true,"href":"http:\/\/thuvien360.com\/index.php?rest_route=\/wp\/v2\/media\/351"}],"wp:attachment":[{"href":"http:\/\/thuvien360.com\/index.php?rest_route=%2Fwp%2Fv2%2Fmedia&parent=202"}],"wp:term":[{"taxonomy":"product_brand","embeddable":true,"href":"http:\/\/thuvien360.com\/index.php?rest_route=%2Fwp%2Fv2%2Fproduct_brand&post=202"},{"taxonomy":"product_cat","embeddable":true,"href":"http:\/\/thuvien360.com\/index.php?rest_route=%2Fwp%2Fv2%2Fproduct_cat&post=202"},{"taxonomy":"product_tag","embeddable":true,"href":"http:\/\/thuvien360.com\/index.php?rest_route=%2Fwp%2Fv2%2Fproduct_tag&post=202"}],"curies":[{"name":"wp","href":"https:\/\/api.w.org\/{rel}","templated":true}]}}