{"id":201,"date":"2024-03-02T12:56:09","date_gmt":"2024-03-02T12:56:09","guid":{"rendered":"http:\/\/wp.wordpress2024.com\/?post_type=product&#038;p=201"},"modified":"2025-07-04T02:10:55","modified_gmt":"2025-07-04T02:10:55","slug":"hanh-tay","status":"publish","type":"product","link":"http:\/\/thuvien360.com\/?product=hanh-tay","title":{"rendered":"Ai Che L\u01b0ng Cho B\u1ea1n"},"content":{"rendered":"<div class=\"rich-text\">\n<p data-start=\"184\" data-end=\"256\"><strong data-start=\"184\" data-end=\"256\">&#8220;Ai Che L\u01b0ng Cho B\u1ea1n?&#8221; \u2013 Th\u00e0nh c\u00f4ng kh\u00f4ng ph\u1ea3i l\u00e0 h\u00e0nh tr\u00ecnh \u0111\u01a1n \u0111\u1ed9c<\/strong><\/p>\n<p data-start=\"258\" data-end=\"529\">Trong m\u1ed9t th\u1ebf gi\u1edbi c\u1ea1nh tranh kh\u1ed1c li\u1ec7t, nhi\u1ec1u ng\u01b0\u1eddi ngh\u0129 r\u1eb1ng \u0111\u1ec3 v\u01b0\u01a1n l\u00ean ph\u1ea3i t\u1ef1 m\u00ecnh g\u1ed3ng g\u00e1nh t\u1ea5t c\u1ea3. Nh\u01b0ng Keith Ferrazzi \u2013 chuy\u00ean gia k\u1ebft n\u1ed1i v\u00e0 t\u00e1c gi\u1ea3 n\u1ed5i ti\u1ebfng \u2013 l\u1ea1i ch\u1ec9 ra r\u1eb1ng: <strong data-start=\"446\" data-end=\"528\">th\u00e0nh c\u00f4ng b\u1ec1n v\u1eefng \u0111\u1ebfn t\u1eeb nh\u1eefng m\u1ed1i quan h\u1ec7 s\u00e2u s\u1eafc, ch\u00e2n th\u00e0nh v\u00e0 chi\u1ebfn l\u01b0\u1ee3c<\/strong>.<\/p>\n<p data-start=\"531\" data-end=\"846\">Cu\u1ed1n s\u00e1ch <strong data-start=\"541\" data-end=\"567\">&#8220;Ai Che L\u01b0ng Cho B\u1ea1n?&#8221;<\/strong> h\u01b0\u1edbng d\u1eabn b\u1ea1n c\u00e1ch x\u00e2y d\u1ef1ng m\u1ed9t \u201cnh\u00f3m h\u1ea1t nh\u00e2n\u201d \u2013 nh\u1eefng ng\u01b0\u1eddi s\u1eb5n s\u00e0ng n\u00f3i th\u1eadt, g\u00f3p \u00fd th\u1eb3ng th\u1eafn v\u00e0 c\u00f9ng b\u1ea1n v\u01b0\u1ee3t qua th\u1eed th\u00e1ch. \u0110\u00e2y kh\u00f4ng ph\u1ea3i l\u00e0 nh\u1eefng m\u1ed1i quan h\u1ec7 x\u00e3 giao, m\u00e0 l\u00e0 <strong data-start=\"749\" data-end=\"775\">li\u00ean minh \u0111\u00e1ng tin c\u1eady<\/strong>, n\u01a1i b\u1ea1n v\u1eeba \u0111\u01b0\u1ee3c h\u1ed7 tr\u1ee3, v\u1eeba b\u1ecb th\u00e1ch th\u1ee9c \u0111\u1ec3 ph\u00e1t tri\u1ec3n m\u1ea1nh m\u1ebd h\u01a1n.<\/p>\n<p data-start=\"848\" data-end=\"1059\">Kh\u00f4ng ch\u1ec9 truy\u1ec1n c\u1ea3m h\u1ee9ng, cu\u1ed1n s\u00e1ch c\u00f2n \u0111\u01b0a ra ph\u01b0\u01a1ng ph\u00e1p c\u1ee5 th\u1ec3, d\u1ec5 \u00e1p d\u1ee5ng \u0111\u1ec3 x\u00e2y d\u1ef1ng m\u1ea1ng l\u01b0\u1edbi quan h\u1ec7 ch\u1ea5t l\u01b0\u1ee3ng cao \u2013 th\u1ee9 m\u00e0 m\u1ecdi nh\u00e0 l\u00e3nh \u0111\u1ea1o, doanh nh\u00e2n hay ng\u01b0\u1eddi \u0111ang theo \u0111u\u1ed5i m\u1ee5c ti\u00eau l\u1edbn \u0111\u1ec1u c\u1ea7n c\u00f3.<\/p>\n<p data-start=\"1061\" data-end=\"1128\"><strong data-start=\"1061\" data-end=\"1128\">Th\u00e0nh c\u00f4ng kh\u00f4ng \u0111\u1ebfn t\u1eeb m\u1ed9t m\u00ecnh. V\u1eady ai \u0111ang che l\u01b0ng cho b\u1ea1n?<\/strong><\/p>\n<\/div>\n","protected":false},"excerpt":{"rendered":"<p class=\"mt10 mb10\"><b>T\u00e1c gi\u1ea3 :\u00a0<\/b>Keith Ferrazzi<\/p>\n<p class=\"mt10 mb10\"><b>Gi\u1ecdng \u0111\u1ecdc :<\/b>\u00a0L\u00ea Minh H\u1ea1<\/p>\n<p class=\"mt10 mb10\"><b>\u0110\u1ecbnh d\u1ea1ng :<\/b> S\u00e1ch n\u00f3i<\/p>\n<p><strong><a href=\"https:\/\/drive.usercontent.google.com\/download?id=1wSmkWZHAft4a1hkbTPGYS3oPPKmZFZrB&amp;export=download&amp;authuser=0\">DOWNLOAD<\/a><br \/>\nH\u00e3y t\u00f9y t\u00e2m \u0111\u00f3ng g\u00f3p \u0111\u1ec3 ch\u00fang t\u00f4i c\u00f3 th\u1ec3 ti\u1ebfp t\u1ee5c duy tr\u00ec v\u00e0 ph\u00e1t tri\u1ec3n ho\u1ea1t \u0111\u1ed9ng \u00fd ngh\u0129a n\u00e0y.<\/strong><\/p>\n<p><img decoding=\"async\" src=\"http:\/\/thuvien360.com\/wp-content\/uploads\/2025\/06\/QR-HUNG.jpg\" \/><\/p>\n","protected":false},"featured_media":352,"comment_status":"open","ping_status":"closed","template":"","meta":{"_uag_custom_page_level_css":""},"product_brand":[],"product_cat":[20,34,17],"product_tag":[],"class_list":{"0":"post-201","1":"product","2":"type-product","3":"status-publish","4":"has-post-thumbnail","6":"product_cat-kinhte-khoinghiep","7":"product_cat-baihoc-kinhdoanh","8":"product_cat-truyen-tieuthuyet","10":"first","11":"instock","12":"downloadable","13":"virtual","14":"sold-individually","15":"product-type-simple"},"uagb_featured_image_src":{"full":["http:\/\/thuvien360.com\/wp-content\/uploads\/2024\/03\/02-Ai-che-lung-cho-ban.jpg",1200,900,false],"thumbnail":["http:\/\/thuvien360.com\/wp-content\/uploads\/2024\/03\/02-Ai-che-lung-cho-ban-150x150.jpg",150,150,true],"medium":["http:\/\/thuvien360.com\/wp-content\/uploads\/2024\/03\/02-Ai-che-lung-cho-ban-300x225.jpg",300,225,true],"medium_large":["http:\/\/thuvien360.com\/wp-content\/uploads\/2024\/03\/02-Ai-che-lung-cho-ban-768x576.jpg",768,576,true],"large":["http:\/\/thuvien360.com\/wp-content\/uploads\/2024\/03\/02-Ai-che-lung-cho-ban-1024x768.jpg",1020,765,true],"1536x1536":["http:\/\/thuvien360.com\/wp-content\/uploads\/2024\/03\/02-Ai-che-lung-cho-ban.jpg",1200,900,false],"2048x2048":["http:\/\/thuvien360.com\/wp-content\/uploads\/2024\/03\/02-Ai-che-lung-cho-ban.jpg",1200,900,false],"woocommerce_thumbnail":["http:\/\/thuvien360.com\/wp-content\/uploads\/2024\/03\/02-Ai-che-lung-cho-ban-300x300.jpg",300,300,true],"woocommerce_single":["http:\/\/thuvien360.com\/wp-content\/uploads\/2024\/03\/02-Ai-che-lung-cho-ban-600x450.jpg",600,450,true],"woocommerce_gallery_thumbnail":["http:\/\/thuvien360.com\/wp-content\/uploads\/2024\/03\/02-Ai-che-lung-cho-ban-100x100.jpg",100,100,true]},"uagb_author_info":{"display_name":"admin","author_link":"http:\/\/thuvien360.com\/?author=0"},"uagb_comment_info":0,"uagb_excerpt":"T\u00e1c gi\u1ea3 :\u00a0Keith Ferrazzi Gi\u1ecdng \u0111\u1ecdc :\u00a0L\u00ea Minh H\u1ea1 \u0110\u1ecbnh d\u1ea1ng : S\u00e1ch n\u00f3i DOWNLOAD H\u00e3y t\u00f9y t\u00e2m \u0111\u00f3ng g\u00f3p \u0111\u1ec3 ch\u00fang t\u00f4i c\u00f3 th\u1ec3 ti\u1ebfp t\u1ee5c duy tr\u00ec v\u00e0 ph\u00e1t tri\u1ec3n ho\u1ea1t \u0111\u1ed9ng \u00fd ngh\u0129a n\u00e0y.","_links":{"self":[{"href":"http:\/\/thuvien360.com\/index.php?rest_route=\/wp\/v2\/product\/201","targetHints":{"allow":["GET"]}}],"collection":[{"href":"http:\/\/thuvien360.com\/index.php?rest_route=\/wp\/v2\/product"}],"about":[{"href":"http:\/\/thuvien360.com\/index.php?rest_route=\/wp\/v2\/types\/product"}],"replies":[{"embeddable":true,"href":"http:\/\/thuvien360.com\/index.php?rest_route=%2Fwp%2Fv2%2Fcomments&post=201"}],"wp:featuredmedia":[{"embeddable":true,"href":"http:\/\/thuvien360.com\/index.php?rest_route=\/wp\/v2\/media\/352"}],"wp:attachment":[{"href":"http:\/\/thuvien360.com\/index.php?rest_route=%2Fwp%2Fv2%2Fmedia&parent=201"}],"wp:term":[{"taxonomy":"product_brand","embeddable":true,"href":"http:\/\/thuvien360.com\/index.php?rest_route=%2Fwp%2Fv2%2Fproduct_brand&post=201"},{"taxonomy":"product_cat","embeddable":true,"href":"http:\/\/thuvien360.com\/index.php?rest_route=%2Fwp%2Fv2%2Fproduct_cat&post=201"},{"taxonomy":"product_tag","embeddable":true,"href":"http:\/\/thuvien360.com\/index.php?rest_route=%2Fwp%2Fv2%2Fproduct_tag&post=201"}],"curies":[{"name":"wp","href":"https:\/\/api.w.org\/{rel}","templated":true}]}}