{"id":199,"date":"2024-03-02T12:55:19","date_gmt":"2024-03-02T12:55:19","guid":{"rendered":"http:\/\/wp.wordpress2024.com\/?post_type=product&#038;p=199"},"modified":"2025-07-04T02:10:29","modified_gmt":"2025-07-04T02:10:29","slug":"ca-chua-da-lat","status":"publish","type":"product","link":"http:\/\/thuvien360.com\/?product=ca-chua-da-lat","title":{"rendered":"Ng\u01b0\u1eddi D\u00e1m Cho \u0110i B\u00e1n \u0110\u01b0\u1ee3c Nhi\u1ec1u H\u01a1n"},"content":{"rendered":"<div class=\"rich-text\">\n<p data-start=\"212\" data-end=\"309\"><strong data-start=\"212\" data-end=\"309\">&#8220;Ng\u01b0\u1eddi D\u00e1m Cho \u0110i B\u00e1n \u0110\u01b0\u1ee3c Nhi\u1ec1u H\u01a1n&#8221; \u2013 Khi b\u00e1n h\u00e0ng kh\u00f4ng c\u00f2n l\u00e0 \u00e9p bu\u1ed9c, m\u00e0 l\u00e0 trao gi\u00e1 tr\u1ecb<\/strong><\/p>\n<p data-start=\"311\" data-end=\"588\">B\u00e1n h\u00e0ng kh\u00f4ng c\u00f2n l\u00e0 cu\u1ed9c ch\u01a1i c\u1ee7a nh\u1eefng chi\u00eau tr\u00f2 hay \u00e1p l\u1ef1c. Trong cu\u1ed1n s\u00e1ch gi\u00e0u t\u00ednh nh\u00e2n v\u0103n v\u00e0 s\u00e2u s\u1eafc n\u00e0y, Bob Burg v\u00e0 John David Mann kh\u1eb3ng \u0111\u1ecbnh: <strong data-start=\"466\" data-end=\"588\">nh\u1eefng ng\u01b0\u1eddi th\u00e0nh c\u00f4ng nh\u1ea5t trong kinh doanh l\u00e0 nh\u1eefng ng\u01b0\u1eddi bi\u1ebft cho \u0111i \u2013 s\u1ef1 tin t\u01b0\u1edfng, s\u1ef1 ph\u1ee5c v\u1ee5 v\u00e0 gi\u00e1 tr\u1ecb th\u1ef1c s\u1ef1.<\/strong><\/p>\n<p data-start=\"590\" data-end=\"926\">D\u1ef1a tr\u00ean 5 quy lu\u1eadt th\u00e0nh c\u00f4ng c\u1ed1t l\u00f5i c\u1ee7a ng\u01b0\u1eddi \u201cd\u00e1m cho \u0111i\u201d, t\u00e1c gi\u1ea3 gi\u00fap ng\u01b0\u1eddi \u0111\u1ecdc hi\u1ec3u r\u1eb1ng:<br data-start=\"686\" data-end=\"689\" \/>\ud83d\udc49 Mu\u1ed1n b\u00e1n \u0111\u01b0\u1ee3c nhi\u1ec1u, h\u00e3y b\u1eaft \u0111\u1ea7u t\u1eeb s\u1ef1 ch\u00e2n th\u00e0nh.<br data-start=\"742\" data-end=\"745\" \/>\ud83d\udc49 Kh\u00e1ch h\u00e0ng kh\u00f4ng mua v\u00ec h\u1ecd c\u1ea7n, m\u00e0 v\u00ec h\u1ecd c\u1ea3m th\u1ea5y <strong data-start=\"798\" data-end=\"815\">\u0111\u01b0\u1ee3c quan t\u00e2m<\/strong> v\u00e0 <strong data-start=\"819\" data-end=\"835\">\u0111\u01b0\u1ee3c k\u1ebft n\u1ed1i<\/strong>.<br data-start=\"836\" data-end=\"839\" \/>\ud83d\udc49 Khi b\u1ea1n \u01b0u ti\u00ean gi\u00e1 tr\u1ecb h\u01a1n l\u1ee3i nhu\u1eadn, k\u1ebft qu\u1ea3 kinh doanh s\u1ebd \u0111\u1ebfn nh\u01b0 h\u1ec7 qu\u1ea3 t\u1ea5t y\u1ebfu.<\/p>\n<p data-start=\"928\" data-end=\"1120\">V\u1edbi l\u1ed1i k\u1ec3 chuy\u1ec7n nh\u1eb9 nh\u00e0ng, gi\u00e0u c\u1ea3m h\u1ee9ng, cu\u1ed1n s\u00e1ch kh\u00f4ng ch\u1ec9 d\u00e0nh cho ng\u01b0\u1eddi b\u00e1n h\u00e0ng m\u00e0 c\u00f2n cho <strong data-start=\"1027\" data-end=\"1093\">b\u1ea5t k\u1ef3 ai \u0111ang t\u00ecm c\u00e1ch th\u00e0nh c\u00f4ng b\u1eb1ng s\u1ef1 t\u1eed t\u1ebf v\u00e0 ch\u00e2n th\u00e0nh<\/strong> trong th\u1eddi \u0111\u1ea1i c\u1ea1nh tranh.<\/p>\n<\/div>\n","protected":false},"excerpt":{"rendered":"<p class=\"mt10 mb10\"><b>T\u00e1c gi\u1ea3 :\u00a0<\/b>Bob Burg<\/p>\n<p class=\"mt10 mb10\"><b>\u0110\u1ecbnh d\u1ea1ng :<\/b>\u00a0S\u00e1ch n\u00f3i<\/p>\n<p><strong><a href=\"https:\/\/drive.usercontent.google.com\/download?id=17x8yRPkoO750VjAFsF2fTC-EEGSI1Lh4&amp;export=download&amp;authuser=0\">DOWNLOAD<\/a><br \/>\nH\u00e3y t\u00f9y t\u00e2m \u0111\u00f3ng g\u00f3p \u0111\u1ec3 ch\u00fang t\u00f4i c\u00f3 th\u1ec3 ti\u1ebfp t\u1ee5c duy tr\u00ec v\u00e0 ph\u00e1t tri\u1ec3n ho\u1ea1t \u0111\u1ed9ng \u00fd ngh\u0129a n\u00e0y.<\/strong><\/p>\n<p><img decoding=\"async\" src=\"http:\/\/thuvien360.com\/wp-content\/uploads\/2025\/06\/QR-HUNG.jpg\" \/><\/p>\n","protected":false},"featured_media":360,"comment_status":"open","ping_status":"closed","template":"","meta":{"_uag_custom_page_level_css":""},"product_brand":[],"product_cat":[34],"product_tag":[],"class_list":{"0":"post-199","1":"product","2":"type-product","3":"status-publish","4":"has-post-thumbnail","6":"product_cat-baihoc-kinhdoanh","8":"first","9":"instock","10":"downloadable","11":"virtual","12":"sold-individually","13":"product-type-simple"},"uagb_featured_image_src":{"full":["http:\/\/thuvien360.com\/wp-content\/uploads\/2024\/03\/04-nguoi-dam-cho-di-ban-duoc-nhieu-hon.jpg",1200,900,false],"thumbnail":["http:\/\/thuvien360.com\/wp-content\/uploads\/2024\/03\/04-nguoi-dam-cho-di-ban-duoc-nhieu-hon-150x150.jpg",150,150,true],"medium":["http:\/\/thuvien360.com\/wp-content\/uploads\/2024\/03\/04-nguoi-dam-cho-di-ban-duoc-nhieu-hon-300x225.jpg",300,225,true],"medium_large":["http:\/\/thuvien360.com\/wp-content\/uploads\/2024\/03\/04-nguoi-dam-cho-di-ban-duoc-nhieu-hon-768x576.jpg",768,576,true],"large":["http:\/\/thuvien360.com\/wp-content\/uploads\/2024\/03\/04-nguoi-dam-cho-di-ban-duoc-nhieu-hon-1024x768.jpg",1020,765,true],"1536x1536":["http:\/\/thuvien360.com\/wp-content\/uploads\/2024\/03\/04-nguoi-dam-cho-di-ban-duoc-nhieu-hon.jpg",1200,900,false],"2048x2048":["http:\/\/thuvien360.com\/wp-content\/uploads\/2024\/03\/04-nguoi-dam-cho-di-ban-duoc-nhieu-hon.jpg",1200,900,false],"woocommerce_thumbnail":["http:\/\/thuvien360.com\/wp-content\/uploads\/2024\/03\/04-nguoi-dam-cho-di-ban-duoc-nhieu-hon-300x300.jpg",300,300,true],"woocommerce_single":["http:\/\/thuvien360.com\/wp-content\/uploads\/2024\/03\/04-nguoi-dam-cho-di-ban-duoc-nhieu-hon-600x450.jpg",600,450,true],"woocommerce_gallery_thumbnail":["http:\/\/thuvien360.com\/wp-content\/uploads\/2024\/03\/04-nguoi-dam-cho-di-ban-duoc-nhieu-hon-100x100.jpg",100,100,true]},"uagb_author_info":{"display_name":"admin","author_link":"http:\/\/thuvien360.com\/?author=0"},"uagb_comment_info":0,"uagb_excerpt":"T\u00e1c gi\u1ea3 :\u00a0Bob Burg \u0110\u1ecbnh d\u1ea1ng :\u00a0S\u00e1ch n\u00f3i DOWNLOAD H\u00e3y t\u00f9y t\u00e2m \u0111\u00f3ng g\u00f3p \u0111\u1ec3 ch\u00fang t\u00f4i c\u00f3 th\u1ec3 ti\u1ebfp t\u1ee5c duy tr\u00ec v\u00e0 ph\u00e1t tri\u1ec3n ho\u1ea1t \u0111\u1ed9ng \u00fd ngh\u0129a n\u00e0y.","_links":{"self":[{"href":"http:\/\/thuvien360.com\/index.php?rest_route=\/wp\/v2\/product\/199","targetHints":{"allow":["GET"]}}],"collection":[{"href":"http:\/\/thuvien360.com\/index.php?rest_route=\/wp\/v2\/product"}],"about":[{"href":"http:\/\/thuvien360.com\/index.php?rest_route=\/wp\/v2\/types\/product"}],"replies":[{"embeddable":true,"href":"http:\/\/thuvien360.com\/index.php?rest_route=%2Fwp%2Fv2%2Fcomments&post=199"}],"wp:featuredmedia":[{"embeddable":true,"href":"http:\/\/thuvien360.com\/index.php?rest_route=\/wp\/v2\/media\/360"}],"wp:attachment":[{"href":"http:\/\/thuvien360.com\/index.php?rest_route=%2Fwp%2Fv2%2Fmedia&parent=199"}],"wp:term":[{"taxonomy":"product_brand","embeddable":true,"href":"http:\/\/thuvien360.com\/index.php?rest_route=%2Fwp%2Fv2%2Fproduct_brand&post=199"},{"taxonomy":"product_cat","embeddable":true,"href":"http:\/\/thuvien360.com\/index.php?rest_route=%2Fwp%2Fv2%2Fproduct_cat&post=199"},{"taxonomy":"product_tag","embeddable":true,"href":"http:\/\/thuvien360.com\/index.php?rest_route=%2Fwp%2Fv2%2Fproduct_tag&post=199"}],"curies":[{"name":"wp","href":"https:\/\/api.w.org\/{rel}","templated":true}]}}