{"id":128,"date":"2024-03-02T08:12:25","date_gmt":"2024-03-02T08:12:25","guid":{"rendered":"http:\/\/wp.wordpress2024.com\/?page_id=128"},"modified":"2025-06-13T03:48:32","modified_gmt":"2025-06-13T03:48:32","slug":"gioi-thieu","status":"publish","type":"page","link":"http:\/\/thuvien360.com\/?page_id=128","title":{"rendered":"Gi\u1edbi thi\u1ec7u"},"content":{"rendered":"\t\t<div data-elementor-type=\"wp-page\" data-elementor-id=\"128\" class=\"elementor elementor-128\">\n\t\t\t\t<div class=\"elementor-element elementor-element-2c23370 e-flex e-con-boxed e-con e-parent\" data-id=\"2c23370\" data-element_type=\"container\">\n\t\t\t\t\t<div class=\"e-con-inner\">\n\t\t<div class=\"elementor-element elementor-element-c4896e6 e-con-full e-flex e-con e-child\" data-id=\"c4896e6\" data-element_type=\"container\">\n\t\t\t\t<div class=\"elementor-element elementor-element-04a435f elementor-widget elementor-widget-image\" data-id=\"04a435f\" data-element_type=\"widget\" data-widget_type=\"image.default\">\n\t\t\t\t<div class=\"elementor-widget-container\">\n\t\t\t\t\t\t\t\t\t\t\t\t\t\t\t<img fetchpriority=\"high\" decoding=\"async\" width=\"847\" height=\"412\" src=\"http:\/\/thuvien360.com\/wp-content\/uploads\/2024\/03\/slider_1.jpg\" class=\"attachment-large size-large wp-image-91\" alt=\"\" \/>\t\t\t\t\t\t\t\t\t\t\t\t\t\t\t<\/div>\n\t\t\t\t<\/div>\n\t\t\t\t<\/div>\n\t\t<div class=\"elementor-element elementor-element-e42a7e1 e-con-full e-flex e-con e-child\" data-id=\"e42a7e1\" data-element_type=\"container\">\n\t\t\t\t<div class=\"elementor-element elementor-element-d3deaf4 elementor-widget elementor-widget-heading\" data-id=\"d3deaf4\" data-element_type=\"widget\" data-widget_type=\"heading.default\">\n\t\t\t\t<div class=\"elementor-widget-container\">\n\t\t\t\t\t<h2 class=\"elementor-heading-title elementor-size-default\">Th\u01b0 Vi\u1ec7n 360<\/h2>\t\t\t\t<\/div>\n\t\t\t\t<\/div>\n\t\t\t\t<div class=\"elementor-element elementor-element-faa29e2 elementor-widget elementor-widget-text-editor\" data-id=\"faa29e2\" data-element_type=\"widget\" data-widget_type=\"text-editor.default\">\n\t\t\t\t<div class=\"elementor-widget-container\">\n\t\t\t\t\t\t\t\t\t<div>\n<p data-start=\"108\" data-end=\"706\"><strong data-start=\"108\" data-end=\"193\">Ch\u00e0o m\u1eebng \u0111\u1ebfn v\u1edbi thuvien360.com \u2013 Th\u1ebf gi\u1edbi c\u1ee7a tri th\u1ee9c v\u00e0 gi\u1ea3i tr\u00ed qua \u00e2m thanh!<\/strong><br data-start=\"193\" data-end=\"196\">B\u1ea1n y\u00eau th\u00edch \u0111\u1ecdc truy\u1ec7n nh\u01b0ng kh\u00f4ng c\u00f3 th\u1eddi gian? B\u1ea1n mu\u1ed1n nghe s\u00e1ch m\u1ecdi l\u00fac, m\u1ecdi n\u01a1i \u2013 khi l\u00e1i xe, khi t\u1eadp th\u1ec3 d\u1ee5c hay th\u01b0 gi\u00e3n tr\u01b0\u1edbc khi ng\u1ee7? thuvien360 ch\u00ednh l\u00e0 ng\u01b0\u1eddi b\u1ea1n \u0111\u1ed3ng h\u00e0nh l\u00fd t\u01b0\u1edfng d\u00e0nh cho b\u1ea1n!<br data-start=\"406\" data-end=\"409\">Ch\u00fang t\u00f4i cung c\u1ea5p kho s\u00e1ch n\u00f3i phong ph\u00fa, truy\u1ec7n audio h\u1ea5p d\u1eabn v\u00e0 n\u1ed9i dung \u0111\u01b0\u1ee3c c\u1eadp nh\u1eadt li\u00ean t\u1ee5c. D\u1ec5 d\u00e0ng t\u1ea3i xu\u1ed1ng, nghe offline ho\u1eb7c \u0111\u1ecdc online.<br data-start=\"603\" data-end=\"606\">H\u00e3y \u0111\u1ec3 m\u1ed7i kho\u1ea3nh kh\u1eafc trong ng\u00e0y c\u1ee7a b\u1ea1n tr\u1edf th\u00e0nh m\u1ed9t chuy\u1ebfn phi\u00eau l\u01b0u k\u1ef3 th\u00fa qua t\u1eebng c\u00e2u chuy\u1ec7n!<\/p>\n<\/div>\t\t\t\t\t\t\t\t<\/div>\n\t\t\t\t<\/div>\n\t\t\t\t<\/div>\n\t\t\t\t\t<\/div>\n\t\t\t\t<\/div>\n\t\t\t\t<\/div>\n\t\t","protected":false},"excerpt":{"rendered":"<p>Th\u01b0 Vi\u1ec7n 360 Ch\u00e0o m\u1eebng \u0111\u1ebfn v\u1edbi thuvien360.com \u2013 Th\u1ebf gi\u1edbi c\u1ee7a tri th\u1ee9c v\u00e0 gi\u1ea3i tr\u00ed qua \u00e2m thanh!B\u1ea1n y\u00eau th\u00edch \u0111\u1ecdc truy\u1ec7n nh\u01b0ng kh\u00f4ng c\u00f3 th\u1eddi gian? B\u1ea1n mu\u1ed1n nghe s\u00e1ch m\u1ecdi l\u00fac, m\u1ecdi n\u01a1i \u2013 khi l\u00e1i xe, khi t\u1eadp th\u1ec3 d\u1ee5c hay th\u01b0 gi\u00e3n tr\u01b0\u1edbc khi ng\u1ee7? thuvien360 ch\u00ednh l\u00e0 ng\u01b0\u1eddi [&#8230;]\n","protected":false},"author":1,"featured_media":0,"parent":0,"menu_order":0,"comment_status":"closed","ping_status":"closed","template":"","meta":{"_uag_custom_page_level_css":"","footnotes":""},"class_list":["post-128","page","type-page","status-publish","hentry"],"uagb_featured_image_src":{"full":false,"thumbnail":false,"medium":false,"medium_large":false,"large":false,"1536x1536":false,"2048x2048":false,"woocommerce_thumbnail":false,"woocommerce_single":false,"woocommerce_gallery_thumbnail":false},"uagb_author_info":{"display_name":"admin","author_link":"http:\/\/thuvien360.com\/?author=1"},"uagb_comment_info":0,"uagb_excerpt":"Th\u01b0 Vi\u1ec7n 360 Ch\u00e0o m\u1eebng \u0111\u1ebfn v\u1edbi thuvien360.com \u2013 Th\u1ebf gi\u1edbi c\u1ee7a tri th\u1ee9c v\u00e0 gi\u1ea3i tr\u00ed qua \u00e2m thanh!B\u1ea1n y\u00eau th\u00edch \u0111\u1ecdc truy\u1ec7n nh\u01b0ng kh\u00f4ng c\u00f3 th\u1eddi gian? B\u1ea1n mu\u1ed1n nghe s\u00e1ch m\u1ecdi l\u00fac, m\u1ecdi n\u01a1i \u2013 khi l\u00e1i xe, khi t\u1eadp th\u1ec3 d\u1ee5c hay th\u01b0 gi\u00e3n tr\u01b0\u1edbc khi ng\u1ee7? thuvien360 ch\u00ednh l\u00e0 ng\u01b0\u1eddi&hellip;","_links":{"self":[{"href":"http:\/\/thuvien360.com\/index.php?rest_route=\/wp\/v2\/pages\/128","targetHints":{"allow":["GET"]}}],"collection":[{"href":"http:\/\/thuvien360.com\/index.php?rest_route=\/wp\/v2\/pages"}],"about":[{"href":"http:\/\/thuvien360.com\/index.php?rest_route=\/wp\/v2\/types\/page"}],"author":[{"embeddable":true,"href":"http:\/\/thuvien360.com\/index.php?rest_route=\/wp\/v2\/users\/1"}],"replies":[{"embeddable":true,"href":"http:\/\/thuvien360.com\/index.php?rest_route=%2Fwp%2Fv2%2Fcomments&post=128"}],"version-history":[{"count":13,"href":"http:\/\/thuvien360.com\/index.php?rest_route=\/wp\/v2\/pages\/128\/revisions"}],"predecessor-version":[{"id":313,"href":"http:\/\/thuvien360.com\/index.php?rest_route=\/wp\/v2\/pages\/128\/revisions\/313"}],"wp:attachment":[{"href":"http:\/\/thuvien360.com\/index.php?rest_route=%2Fwp%2Fv2%2Fmedia&parent=128"}],"curies":[{"name":"wp","href":"https:\/\/api.w.org\/{rel}","templated":true}]}}