{"id":11,"date":"2024-03-02T07:03:42","date_gmt":"2024-03-02T07:03:42","guid":{"rendered":"http:\/\/wp.wordpress2024.com\/gio-hang\/"},"modified":"2024-03-02T07:03:42","modified_gmt":"2024-03-02T07:03:42","slug":"gio-hang","status":"publish","type":"page","link":"http:\/\/thuvien360.com\/?page_id=11","title":{"rendered":"Gi\u1ecf h\u00e0ng"},"content":{"rendered":"\n<div data-block-name=\"woocommerce\/cart\" class=\"wp-block-woocommerce-cart alignwide is-loading\">\n<div data-block-name=\"woocommerce\/filled-cart-block\" class=\"wp-block-woocommerce-filled-cart-block\">\n<div data-block-name=\"woocommerce\/cart-items-block\" class=\"wp-block-woocommerce-cart-items-block\">\n<div data-block-name=\"woocommerce\/cart-line-items-block\" class=\"wp-block-woocommerce-cart-line-items-block\"><\/div>\n\n\n\n<div data-block-name=\"woocommerce\/cart-cross-sells-block\" class=\"wp-block-woocommerce-cart-cross-sells-block\">\n<h2 class=\"wp-block-heading has-large-font-size\">You may be interested in\u2026<\/h2>\n\n\n\n<div data-block-name=\"woocommerce\/cart-cross-sells-products-block\" class=\"wp-block-woocommerce-cart-cross-sells-products-block\"><\/div>\n<\/div>\n<\/div>\n\n\n\n<div data-block-name=\"woocommerce\/cart-totals-block\" class=\"wp-block-woocommerce-cart-totals-block\">\n<div data-block-name=\"woocommerce\/cart-order-summary-block\" class=\"wp-block-woocommerce-cart-order-summary-block\">\n<div data-block-name=\"woocommerce\/cart-order-summary-heading-block\" class=\"wp-block-woocommerce-cart-order-summary-heading-block\"><\/div><div data-block-name=\"woocommerce\/cart-order-summary-coupon-form-block\" class=\"wp-block-woocommerce-cart-order-summary-coupon-form-block\"><\/div><div data-block-name=\"woocommerce\/cart-order-summary-totals-block\" class=\"wp-block-woocommerce-cart-order-summary-totals-block\">\n<div data-block-name=\"woocommerce\/cart-order-summary-subtotal-block\" class=\"wp-block-woocommerce-cart-order-summary-subtotal-block\"><\/div>\n<div data-block-name=\"woocommerce\/cart-order-summary-discount-block\" class=\"wp-block-woocommerce-cart-order-summary-discount-block\"><\/div>\n<div data-block-name=\"woocommerce\/cart-order-summary-fee-block\" class=\"wp-block-woocommerce-cart-order-summary-fee-block\"><\/div>\n<div data-block-name=\"woocommerce\/cart-order-summary-shipping-block\" class=\"wp-block-woocommerce-cart-order-summary-shipping-block\"><\/div>\n<div data-block-name=\"woocommerce\/cart-order-summary-taxes-block\" class=\"wp-block-woocommerce-cart-order-summary-taxes-block\"><\/div><\/div>\n<\/div>\n\n\n\n<div data-block-name=\"woocommerce\/cart-express-payment-block\" class=\"wp-block-woocommerce-cart-express-payment-block\"><\/div>\n\n\n\n<div data-block-name=\"woocommerce\/proceed-to-checkout-block\" class=\"wp-block-woocommerce-proceed-to-checkout-block\"><\/div>\n\n\n\n<div data-block-name=\"woocommerce\/cart-accepted-payment-methods-block\" class=\"wp-block-woocommerce-cart-accepted-payment-methods-block\"><\/div>\n<\/div>\n<\/div>\n\n\n\n<div data-block-name=\"woocommerce\/empty-cart-block\" class=\"wp-block-woocommerce-empty-cart-block\">\n<h2 class=\"wp-block-heading has-text-align-center with-empty-cart-icon wc-block-cart__empty-cart__title\">Gi\u1ecf h\u00e0ng hi\u1ec7n t\u1ea1i ch\u01b0a c\u00f3 s\u1ea3n ph\u1ea9m n\u00e0o!<\/h2>\n\n\n\n<hr class=\"wp-block-separator has-alpha-channel-opacity is-style-dots\"\/>\n\n\n\n<h2 class=\"wp-block-heading has-text-align-center\">New in store<\/h2>\n\n\n<div data-block-name=\"woocommerce\/product-new\" data-columns=\"4\" data-rows=\"1\" class=\"wc-block-grid wp-block-product-new wp-block-woocommerce-product-new wc-block-product-new has-4-columns\"><ul class=\"wc-block-grid__products\"><li class=\"wc-block-grid__product\">\n\t\t\t\t<a href=\"http:\/\/thuvien360.com\/?product=kho-tai-lieu-khoa-hoc-da-linh-vuc-update-2024-full-300t-link-google-driver\" class=\"wc-block-grid__product-link\">\n\t\t\t\t\t\n\t\t\t\t\t<div class=\"wc-block-grid__product-image\"><img fetchpriority=\"high\" decoding=\"async\" width=\"300\" height=\"300\" src=\"http:\/\/thuvien360.com\/wp-content\/uploads\/2025\/07\/KHOA-HOC-Online23-300x300.png\" class=\"attachment-woocommerce_thumbnail size-woocommerce_thumbnail\" alt=\"Kho t\u00e0i li\u1ec7u, kh\u00f3a h\u1ecdc \u0111a l\u0129nh v\u1ef1c update 2024 full 300T link Google Driver\" srcset=\"http:\/\/thuvien360.com\/wp-content\/uploads\/2025\/07\/KHOA-HOC-Online23-300x300.png 300w, http:\/\/thuvien360.com\/wp-content\/uploads\/2025\/07\/KHOA-HOC-Online23-150x150.png 150w, http:\/\/thuvien360.com\/wp-content\/uploads\/2025\/07\/KHOA-HOC-Online23-100x100.png 100w\" sizes=\"(max-width: 300px) 100vw, 300px\" \/><\/div>\n\t\t\t\t\t<div class=\"wc-block-grid__product-title\">Kho t\u00e0i li\u1ec7u, kh\u00f3a h\u1ecdc \u0111a l\u0129nh v\u1ef1c update 2024 full 300T link Google Driver<\/div>\n\t\t\t\t<\/a>\n\t\t\t\t<div class=\"wc-block-grid__product-price price\"><span class=\"woocommerce-Price-amount amount\">68.000&nbsp;<span class=\"woocommerce-Price-currencySymbol\">&#8363;<\/span><\/span><\/div>\n\t\t\t\t\n\t\t\t\t<div class=\"wp-block-button wc-block-grid__product-add-to-cart\"><a href=\"?add-to-cart=789\" aria-label=\"Th\u00eam v\u00e0o gi\u1ecf h\u00e0ng: &ldquo;Kho t\u00e0i li\u1ec7u, kh\u00f3a h\u1ecdc \u0111a l\u0129nh v\u1ef1c update 2024 full 300T link Google Driver&rdquo;\" data-quantity=\"1\" data-product_id=\"789\" data-product_sku=\"\" data-price=\"68000\" rel=\"nofollow\" class=\"wp-block-button__link  add_to_cart_button ajax_add_to_cart\">Th\u00eam v\u00e0o gi\u1ecf h\u00e0ng<\/a><\/div>\n\t\t\t<\/li><li class=\"wc-block-grid__product\">\n\t\t\t\t<a href=\"http:\/\/thuvien360.com\/?product=kheo-an-noi-se-co-duoc-thien-ha\" class=\"wc-block-grid__product-link\">\n\t\t\t\t\t\n\t\t\t\t\t<div class=\"wc-block-grid__product-image\"><img decoding=\"async\" width=\"300\" height=\"300\" src=\"http:\/\/thuvien360.com\/wp-content\/uploads\/2025\/06\/63-kheo_an_noi_bia_cung_cea07ae2fb36445bba53d8890b8d1fa3_master-300x300.jpg\" class=\"attachment-woocommerce_thumbnail size-woocommerce_thumbnail\" alt=\"KH\u00c9O \u0102N N\u00d3I S\u1ebc C\u00d3 \u0110\u01af\u1ee2C THI\u00caN H\u1ea0\" srcset=\"http:\/\/thuvien360.com\/wp-content\/uploads\/2025\/06\/63-kheo_an_noi_bia_cung_cea07ae2fb36445bba53d8890b8d1fa3_master-300x300.jpg 300w, http:\/\/thuvien360.com\/wp-content\/uploads\/2025\/06\/63-kheo_an_noi_bia_cung_cea07ae2fb36445bba53d8890b8d1fa3_master-150x150.jpg 150w, http:\/\/thuvien360.com\/wp-content\/uploads\/2025\/06\/63-kheo_an_noi_bia_cung_cea07ae2fb36445bba53d8890b8d1fa3_master-100x100.jpg 100w\" sizes=\"(max-width: 300px) 100vw, 300px\" \/><\/div>\n\t\t\t\t\t<div class=\"wc-block-grid__product-title\">KH\u00c9O \u0102N N\u00d3I S\u1ebc C\u00d3 \u0110\u01af\u1ee2C THI\u00caN H\u1ea0<\/div>\n\t\t\t\t<\/a>\n\t\t\t\t<div class=\"wc-block-grid__product-price price\"><\/div>\n\t\t\t\t\n\t\t\t\t<div class=\"wp-block-button wc-block-grid__product-add-to-cart\"><a href=\"http:\/\/thuvien360.com\/?product=kheo-an-noi-se-co-duoc-thien-ha\" aria-label=\"\u0110\u1ecdc th\u00eam v\u1ec1 &ldquo;KH\u00c9O \u0102N N\u00d3I S\u1ebc C\u00d3 \u0110\u01af\u1ee2C THI\u00caN H\u1ea0&rdquo;\" data-quantity=\"1\" data-product_id=\"783\" data-product_sku=\"\" data-price=\"0\" rel=\"nofollow\" class=\"wp-block-button__link  add_to_cart_button\">\u0110\u1ecdc ti\u1ebfp<\/a><\/div>\n\t\t\t<\/li><li class=\"wc-block-grid__product\">\n\t\t\t\t<a href=\"http:\/\/thuvien360.com\/?product=chuyen-co-tich-danh-cho-nguoi-lon\" class=\"wc-block-grid__product-link\">\n\t\t\t\t\t\n\t\t\t\t\t<div class=\"wc-block-grid__product-image\"><img decoding=\"async\" width=\"300\" height=\"300\" src=\"http:\/\/thuvien360.com\/wp-content\/uploads\/2025\/06\/13-4517-chuyen-co-tich-danh-cho-nguoi-lon-1-300x300.jpg\" class=\"attachment-woocommerce_thumbnail size-woocommerce_thumbnail\" alt=\"CHUY\u1ec6N C\u1ed4 T\u00cdCH D\u00c0NH CHO NG\u01af\u1edcI L\u1edaN\" srcset=\"http:\/\/thuvien360.com\/wp-content\/uploads\/2025\/06\/13-4517-chuyen-co-tich-danh-cho-nguoi-lon-1-300x300.jpg 300w, http:\/\/thuvien360.com\/wp-content\/uploads\/2025\/06\/13-4517-chuyen-co-tich-danh-cho-nguoi-lon-1-150x150.jpg 150w, http:\/\/thuvien360.com\/wp-content\/uploads\/2025\/06\/13-4517-chuyen-co-tich-danh-cho-nguoi-lon-1-100x100.jpg 100w\" sizes=\"(max-width: 300px) 100vw, 300px\" \/><\/div>\n\t\t\t\t\t<div class=\"wc-block-grid__product-title\">CHUY\u1ec6N C\u1ed4 T\u00cdCH D\u00c0NH CHO NG\u01af\u1edcI L\u1edaN<\/div>\n\t\t\t\t<\/a>\n\t\t\t\t<div class=\"wc-block-grid__product-price price\"><\/div>\n\t\t\t\t\n\t\t\t\t<div class=\"wp-block-button wc-block-grid__product-add-to-cart\"><a href=\"http:\/\/thuvien360.com\/?product=chuyen-co-tich-danh-cho-nguoi-lon\" aria-label=\"\u0110\u1ecdc th\u00eam v\u1ec1 &ldquo;CHUY\u1ec6N C\u1ed4 T\u00cdCH D\u00c0NH CHO NG\u01af\u1edcI L\u1edaN&rdquo;\" data-quantity=\"1\" data-product_id=\"780\" data-product_sku=\"\" data-price=\"0\" rel=\"nofollow\" class=\"wp-block-button__link  add_to_cart_button\">\u0110\u1ecdc ti\u1ebfp<\/a><\/div>\n\t\t\t<\/li><li class=\"wc-block-grid__product\">\n\t\t\t\t<a href=\"http:\/\/thuvien360.com\/?product=muon-kiep-nhan-sinh-tap-2\" class=\"wc-block-grid__product-link\">\n\t\t\t\t\t\n\t\t\t\t\t<div class=\"wc-block-grid__product-image\"><img loading=\"lazy\" decoding=\"async\" width=\"300\" height=\"300\" src=\"http:\/\/thuvien360.com\/wp-content\/uploads\/2025\/06\/12-467-muon-kiep-nhan-sinh-2-1-300x300.jpg\" class=\"attachment-woocommerce_thumbnail size-woocommerce_thumbnail\" alt=\"MU\u00d4N KI\u1ebeP NH\u00c2N SINH \u2013 T\u1eacP 2\" srcset=\"http:\/\/thuvien360.com\/wp-content\/uploads\/2025\/06\/12-467-muon-kiep-nhan-sinh-2-1-300x300.jpg 300w, http:\/\/thuvien360.com\/wp-content\/uploads\/2025\/06\/12-467-muon-kiep-nhan-sinh-2-1-150x150.jpg 150w, http:\/\/thuvien360.com\/wp-content\/uploads\/2025\/06\/12-467-muon-kiep-nhan-sinh-2-1-100x100.jpg 100w\" sizes=\"(max-width: 300px) 100vw, 300px\" \/><\/div>\n\t\t\t\t\t<div class=\"wc-block-grid__product-title\">MU\u00d4N KI\u1ebeP NH\u00c2N SINH \u2013 T\u1eacP 2<\/div>\n\t\t\t\t<\/a>\n\t\t\t\t<div class=\"wc-block-grid__product-price price\"><\/div>\n\t\t\t\t\n\t\t\t\t<div class=\"wp-block-button wc-block-grid__product-add-to-cart\"><a href=\"http:\/\/thuvien360.com\/?product=muon-kiep-nhan-sinh-tap-2\" aria-label=\"\u0110\u1ecdc th\u00eam v\u1ec1 &ldquo;MU\u00d4N KI\u1ebeP NH\u00c2N SINH \u2013 T\u1eacP 2&rdquo;\" data-quantity=\"1\" data-product_id=\"778\" data-product_sku=\"\" data-price=\"0\" rel=\"nofollow\" class=\"wp-block-button__link  add_to_cart_button\">\u0110\u1ecdc ti\u1ebfp<\/a><\/div>\n\t\t\t<\/li><\/ul><\/div><\/div>\n<\/div>\n","protected":false},"excerpt":{"rendered":"","protected":false},"author":1,"featured_media":0,"parent":0,"menu_order":0,"comment_status":"closed","ping_status":"closed","template":"","meta":{"_uag_custom_page_level_css":"","footnotes":""},"class_list":["post-11","page","type-page","status-publish","hentry"],"uagb_featured_image_src":{"full":false,"thumbnail":false,"medium":false,"medium_large":false,"large":false,"1536x1536":false,"2048x2048":false,"woocommerce_thumbnail":false,"woocommerce_single":false,"woocommerce_gallery_thumbnail":false},"uagb_author_info":{"display_name":"admin","author_link":"http:\/\/thuvien360.com\/?author=1"},"uagb_comment_info":0,"uagb_excerpt":null,"_links":{"self":[{"href":"http:\/\/thuvien360.com\/index.php?rest_route=\/wp\/v2\/pages\/11","targetHints":{"allow":["GET"]}}],"collection":[{"href":"http:\/\/thuvien360.com\/index.php?rest_route=\/wp\/v2\/pages"}],"about":[{"href":"http:\/\/thuvien360.com\/index.php?rest_route=\/wp\/v2\/types\/page"}],"author":[{"embeddable":true,"href":"http:\/\/thuvien360.com\/index.php?rest_route=\/wp\/v2\/users\/1"}],"replies":[{"embeddable":true,"href":"http:\/\/thuvien360.com\/index.php?rest_route=%2Fwp%2Fv2%2Fcomments&post=11"}],"version-history":[{"count":0,"href":"http:\/\/thuvien360.com\/index.php?rest_route=\/wp\/v2\/pages\/11\/revisions"}],"wp:attachment":[{"href":"http:\/\/thuvien360.com\/index.php?rest_route=%2Fwp%2Fv2%2Fmedia&parent=11"}],"curies":[{"name":"wp","href":"https:\/\/api.w.org\/{rel}","templated":true}]}}